{"id":9,"date":"2014-12-12T16:11:30","date_gmt":"2014-12-12T16:11:30","guid":{"rendered":"http:\/\/www.3d-atelier.com\/wp_revolution\/?page_id=9"},"modified":"2026-01-18T12:03:50","modified_gmt":"2026-01-18T12:03:50","slug":"playlist-nationale-titel","status":"publish","type":"page","link":"https:\/\/www.3d-atelier.com\/wp_revolution\/playlist\/playlist-nationale-titel\/","title":{"rendered":"Playlist nationale Titel"},"content":{"rendered":"<p>Aktuelles Repertoire Revolution Stand 10.01.2026<\/p>\n<p>1000 Traeume weit (Tornero) &#8211; Anna Maria Zimmermann &#8211; Schlager<br \/>\n1001 Nacht &#8211; Klaus Lage &#8211; Rock<br \/>\n7 Tage, 7 N\u00e4chte &#8211; Wolfgang Petry &#8211; Schlager<br \/>\n7000 Rinder &#8211; Troglauer Buam &#8211; Schlager<br \/>\n99 Luftballons &#8211; Nena &#8211; Stimmung<br \/>\nA Mann fuer Amore &#8211; DJ Oetzi &#8211; Schlager, Disco Fox<br \/>\nAber dich, gibt\u00b4s nur 1x f\u00fcr mich &#8211; Flippers &#8211; Schlager<br \/>\nAloa Hea He &#8211; Achim Reichel &#8211; Rock<br \/>\nAlt wie ein Baum &#8211; Peter Wackel &#8211; Stimmung<br \/>\nAltes Fieber &#8211; Die Toten Hosen &#8211; Rock<br \/>\nAmsterdam &#8211; Cora &#8211; Schlager<br \/>\nAn der Nordseekueste Medley &#8211; div. Interpreten &#8211; Walzer<br \/>\nAnita &#8211; Costa Cordalis &#8211; Schlager<br \/>\nApplaus Applaus &#8211; Sportfreunde Stiller &#8211; Rock<br \/>\nAtemlos durch die Nacht &#8211; Helene Fischer &#8211; Schlager<br \/>\nAuf der Autobahn &#8211; unbekannt &#8211; Polka<br \/>\nAuf der hohen Alm &#8211; M\u00fcnchner Zwietracht &#8211; Rheinl\u00e4nder<br \/>\nAuf die Vogelwiese &#8211; W\u00e4lderblut &#8211; Stimmung<br \/>\nAuf gute Freunde &#8211; B\u00f6hse Onkelz &#8211; Rock<br \/>\nAuf uns &#8211; Andreas Bourani &#8211; Rock<br \/>\nAugen zu und durch &#8211; Wolfgang Petry &#8211; Schlager<br \/>\nAus B\u00f6hmen kommt die Musik &#8211; Peter Alexander &#8211; Polka<br \/>\nBaby Bell &#8211; Breitner &#8211; Stimmung, Malle-Hits<br \/>\nBaila Baila &#8211; Mickie Krause &#8211; Stimmung, Malle-Hits<br \/>\nBarfuss durch den Sommer &#8211; J\u00fcrgen Drews &#8211; Schlager<br \/>\nBayern, des samma mia &#8211; Haindling &#8211; Polka<br \/>\nBella Napoli &#8211; Roy Bianco &amp; Die Abbrunzati boys &#8211; Disco Fox, Stimmung<br \/>\nBergwerk &#8211; Reinhard Fendrich &#8211; Ballade<br \/>\nBilder von Dir &#8211; Laith Al-Deen &#8211; Schlager<br \/>\nBin ich nur gl\u00fccklich wenn es schmerzt &#8211; B\u00f6hse Onklez &#8211; Ballade<br \/>\nBist du sauer &#8211; Mario Lehner &#8211; Schlager<br \/>\nBonnie &amp; Clyde &#8211; Die Toten Hosen &#8211; Rock<br \/>\nBrenna tuat&#8217;s guat &#8211; Hubert von Goisern &#8211; Stimmung<br \/>\nBronze, Silber &amp; Gold &#8211; Wolfgang Petry &#8211; Schlager<br \/>\nBumsbar &#8211; Ikke Hueftgold &#8211; Stimmung<br \/>\nBungalow in Santa Nirgendwo &#8211; IBO &#8211; Schlager<br \/>\nCiao d`amore &#8211; Klostertaler &#8211; Schlager<br \/>\nCordula Gr\u00fcn &#8211; Josh &#8211; Stimmung<br \/>\nDein ist mein ganzes Herz &#8211; Heinz Rudolf Kunze &#8211; Rock<br \/>\nDer goldene Reiter &#8211; Joachim Witt &#8211; NDW<br \/>\nDer Himmel brennt &#8211; Wolfgang Petry &#8211; Schlager<br \/>\nDer letzte Cowboy &#8211; Tommy Bayer &#8211; Country<br \/>\nDer Mond h\u00e4lt seine Wacht &#8211; Traditionell &#8211; Walzer<br \/>\nDer wilde, wilde Westen &#8211; Truck Stop &#8211; Country<br \/>\nDicht im Flieger &#8211; Julian Sommer &#8211; Stimmung<br \/>\nDicke Titten &#8211; Rammstein &#8211; Rock<br \/>\nDie 11 vom Niederrhein &#8211; B.O. &#8211; Stimmung<br \/>\nDie Fischerin vom Bodensee &#8211; DJ \u00d6tzi &#8211; Stimmung<br \/>\nDie Gef\u00fchle haben Schweigepflicht &#8211; Andrea Berg &#8211; Schlager<br \/>\nDie H\u00e4nde zum Himmel &#8211; Tony Marschall &#8211; Stimmung<br \/>\nDie H\u00f6lle morgen fr\u00fch &#8211; Helene Fischer &#8211; Schlager<br \/>\nDie immer lacht &#8211; Stereoact feat. Kerstin Ott &#8211; Schlager<br \/>\nDie Legende lebt &#8211; Unbekannt &#8211; Stimmung<br \/>\nDie Nacht von Freitag auf Montag &#8211; Peter Wackel (SDP) &#8211; Stimmung<br \/>\nDie Roten Rosen Medley &#8211; Die Roten Rosen (Die Toten Hosen) &#8211; Stimmung<br \/>\nDie Seele brennt &#8211; B.O. &#8211; Ballade<br \/>\nDonnaiolo &#8211; Zillertaler Sch\u00fcrzenj\u00e4ger &#8211; Walzer<br \/>\nDu bist ein Wunder &#8211; Wolfgang Petry &#8211; Schlager<br \/>\nDu entschuldige i kenn&#8216; dich &#8211; Peter Cornelius &#8211; Schlager<br \/>\nDu hast mich 1000 Mal belogen &#8211; Andrea(s) Berg &#8211; Schlager<br \/>\nDu tr\u00e4gst keine Liebe in dir &#8211; Echt &#8211; Schlager<br \/>\nEin Bett im Kornfeld &#8211; J\u00fcrgen Drews &#8211; Schlager<br \/>\nEin bisschen Spass muss sein &#8211; Roberto Blanco &#8211; Schlager<br \/>\nEin Prosit der Gem\u00fctlichkeit &#8211; Stimmung<br \/>\nEin Stern, der deinen Namen&#8230; &#8211; Nic P. feat. DJ Oetzi &#8211; Schlager<br \/>\nEine neue Liebe ist wie ein neues Leben &#8211; J\u00fcrgen Marcus &#8211; Schlager<br \/>\nEine weisse Rose &#8211; Kastelruther Spatzen &#8211; Klassiker<br \/>\nEinst ging ich am Strande &#8230; &#8211; Traditionell &#8211; Walzer<br \/>\nEiszeit &#8211; Peter Maffay &#8211; Rock<br \/>\nEngel &#8211; Rammstein &#8211; Rock<br \/>\nEr geh\u00f6rt zu mir &#8211; Marianne Rosenberg &#8211; Schlager<br \/>\nErinnerung &#8211; B\u00f6hse Onkelz &#8211; Ballade<br \/>\nEs geht mir gut &#8211; M.M. Westernhagen &#8211; Rock<br \/>\nEs lebe der Sport &#8211; Reinhard Fendrich &#8211; Austria<br \/>\nEviva Espagna-Medley &#8211; div. Interpreten &#8211; Stimmung<br \/>\nExpresso und Tschianti &#8211; Josh &#8211; Stimmung, Disco Fox<br \/>\nFiesta Mexicana &#8211; Rex Gildo &#8211;\u00a0Schlager<br \/>\nFliege mit mir in die Heimat &#8211; Traditionell &#8211; Walzer<br \/>\nFreunde &#8211; PUR &#8211; Schlager<br \/>\nFr\u00fchling in Paris &#8211; Rammstein &#8211; Rock<br \/>\nF\u00fcrstenfeld &#8211; STS &#8211; Stimmung<br \/>\nFunkelperlenaugen &#8211; PUR &#8211; Ballade<br \/>\nGanz oder gar nicht &#8211; Wolfgang Petry &#8211; Schlager<br \/>\nGell du bleibst heut&#8216; Nacht bei mir &#8211; STS &#8211; Austria<br \/>\nGeiles Leben &#8211; Glasperlenspiel &#8211; Stimmung<br \/>\nGianna &#8211; Draufgaenger &#8211; Stimmung, Disco Fox<br \/>\nGriechischer Wein &#8211; Udo J\u00fcrgens &#8211; Schlager<br \/>\nGro\u00dfvater &#8211; STS &#8211; Ballade<br \/>\nHaberfeldtreiber &#8211; Troglauer Buam &#8211; Rheinl\u00e4nder<br \/>\nHam kummst &#8211; Seiler &amp; Speer &#8211; Austria<br \/>\nHallo Klaus &#8211; Nickerbocker &amp; Biene &#8211; Schlager<br \/>\nHeute schuette ich mich zu &#8211; Karl Dall &#8211; Stimmung<br \/>\nHey-Mann-Polka &#8211; Zillertaler Sch\u00fcrzenj\u00e4ger &#8211; Polka<br \/>\nHey, wir wollen die Eisb\u00e4r&#8217;n seh&#8217;n &#8211; J\u00fcrgen Drews feat. Puhdys &#8211; Stimmung\u00a0\u00a0<span style=\"color: #ff0000;\">\u00a0<\/span><br \/>\nHimbeereis zum Fr\u00fchst\u00fcck &#8211; Hofmann &amp; Hofmann &#8211; Schlager<br \/>\nHolz &#8211; 257er &#8211; Stimmung<br \/>\nHulapalu &#8211; Andreas Gabalier &#8211; Schlager<br \/>\nI sing a Liad f\u00fcr di &#8211; DJ \u00d6tzi feat. Gabalier &#8211; Schlager<br \/>\nIbiza &#8211; Ibo &#8211; Schlager<br \/>\nIch bau dir ein Schloss\u00a0 &#8211; J\u00fcrgen Drews &#8211; Schlager<br \/>\nIch bin wieder hier &#8211; M.M. Westernhagen &#8211; Ballade<br \/>\nIch bin ich &#8211; Rosenstolz &#8211; Rock<br \/>\nIch war noch niemals in N.Y. &#8211; Udo J\u00fcrgens &#8211; Schlager<br \/>\nIch will Spass &#8211; Markus &#8211; NDW<br \/>\nIch will Spass &#8211; Mickie Krause &#8211; Malle-Hits<br \/>\nIm Grunewald &#8211; Traditionell &#8211; Rheinl\u00e4nder<br \/>\nIm Wagen vor mir &#8211; Sound Convoy &#8211; Stimmung, Malle-Hits<br \/>\nIrgendwann bleib I dann dort &#8211; STS &#8211; Ballade<br \/>\nIrgendwann, irgendwo,.. &#8211; J\u00fcrgen Drews &#8211; Schlager<br \/>\nJoana &#8211; Roland Kaiser &#8211; Schlager<br \/>\nJosie &#8211; Peter Maffay &#8211; Ballade<br \/>\nJugendliebe &#8211; Markus Luca feat. Ute Freudenberg &#8211; Schlager<br \/>\nJunge &#8211; Die \u00c4rzte &#8211; Rock<br \/>\nKomm hol das Lasso raus &#8211; Olaf Henning &#8211; Stimmung<br \/>\nKompliment &#8211; Sportfreunde Stiller &#8211; Rock<br \/>\nLadioo &#8211; Peter Wackel &#8211; Stimmung<br \/>\nLasse reden &#8211; Die \u00c4rzte &#8211; Rock<br \/>\nLayla &#8211; DJ Robin &amp; Schuerze &#8211; Stimmung<br \/>\nLena &#8211; PUR &#8211; Schlager<br \/>\nLeuchtturm 2002 &#8211; Nena &#8211; NDW<br \/>\nLieschen, Lieschen\u00a0 &#8211; Die Alpenrammler &#8211; Stimmung<br \/>\nLoewenstark &#8211; Unbekannt- Stimmung<br \/>\nLotosblume &#8211; Die Flippers &#8211; Schlager<br \/>\nMacho Macho &#8211; Reinhard Fendrich &#8211; Austria<br \/>\nMamma Lauda &#8211; Almklausi &amp; Spektakel &#8211; Stimmung<br \/>\nM\u00e4nner sind Schweine &#8211; Die \u00c4rzte &#8211; Rock<br \/>\nMajor Tom &#8211; Peter Schilling &#8211; NDW<br \/>\nManchmal haben Frauen &#8230; &#8211; Die \u00c4rzte &#8211; Rock<br \/>\nMarmor, Stein &amp; Eisen bricht &#8211; Drafi Deutscher &#8211; Schlager<br \/>\nMarmor, Stein &amp; Eisen bricht &#8211; Moehre &#8211; Malle-Hits<br \/>\nMein Herz brennt &#8211; Rammstein &#8211; Rock<br \/>\nMein Herz es brennt &#8211; Beatrice Egli &#8211; Schlager<br \/>\nMein Zuhaus &#8211; Wolfgang Petry &#8211; Ballade<br \/>\nMendocino &#8211; Michael Holm &#8211; Schlager<br \/>\nMexiko &#8211; B\u00f6hse Onkelz &#8211; Rock<br \/>\nMichaela &#8211; Bata Ilic &#8211; Schlager<br \/>\nMit den F\u00fcssen im Feuer &#8211; Hofmann &amp; Hofmann &#8211; Schlager<br \/>\nNessaja &#8211; Peter Maffay &#8211; Ballade<br \/>\nNoch in 100.000 Jahren &#8211; DJ \u00d6tzi &#8211; Schlager<br \/>\nNur noch die Schuhe an &#8211; Mickie Kraus &#8211; Stimmung<br \/>\nOhne dich &#8211; M\u00fcnchner Freiheit &#8211; Schlager<br \/>\nPolonaise Blankenese &#8211; Gottlieb Wendehals &#8211; Stimmung<br \/>\nPure Lust am Leben &#8211; Geier Sturzflug &#8211; Stimmung<br \/>\nRasenmaeher &#8211; Troglauer Buam &#8211; Rheinlaender<br \/>\nReif f\u00fcr die Insel &#8211; Peter Cornelius &#8211; Austria<br \/>\nResi, i hol di mit\u00a0mei`m Traktor ab\u00a0 &#8211; Troglauer Buam &#8211; Schlager<br \/>\nRock mi &#8211; VoxxClub &#8211; Rheinl\u00e4nder<br \/>\nRosamunde &#8211; DJ Oetzi &#8211; Stimmung, Schlager<br \/>\nRot sind die Rosen &#8211; Alpentrio Tirol &#8211; Walzer<br \/>\nSag Danke sch\u00f6n mit roten Rosen &#8211; Heintje &#8211; Schlager<br \/>\nSchatzi, schenk mir ein Foto &#8211; Mickie Krause &#8211; Stimmung<br \/>\nSchickeria &#8211; Spider Murphy Gang &#8211; Rock<br \/>\nSchifoan &#8211; Wolfgang Ambross &#8211; Austria<br \/>\nSchneewalzer &#8211; Instrumental &#8211; Walzer<br \/>\nSch\u00f6nen Gruss, auf Wiedersehen &#8211; Die Toten Hosen &#8211; Rock<br \/>\nSchubkarrenchief &#8211; Troglauer Buam &#8211; Rheinlaender<br \/>\nSchunkelmedley &#8211; div. Interpreten &#8211; Stimmung, Walzer<br \/>\nSchwarze Natascha &#8211; Peter Wackel &#8211; Stimmung<br \/>\nSehnsuchtsmelodie &#8211; Instrumental &#8211; Langsamer Walzer<br \/>\nSexy &#8211; M.M. Westernhagen &#8211; Rock<br \/>\nSie &#8211; Andreas Gabalier &#8211; Schlager<br \/>\nSierra Madre &#8211; Sch\u00fcrzenj\u00e4ger &#8211; Ballade<br \/>\nSkandal im Sperrbezirk &#8211; Spider Murphy Gang &#8211; Rock<br \/>\nSo a sch\u00f6ner Tag &#8211; Donikkl &#8211; Stimmung<br \/>\nSo sind wir &#8211; B\u00f6hse Onkelz &#8211; Rock<br \/>\nSo soll es bleiben &#8211; Ich und Ich &#8211; Ballade<br \/>\nSommer in der Stadt &#8211; Wolfgang Petry &#8211; Schlager<br \/>\nSonne &#8211; Rammstein &#8211; Rock<br \/>\nSonne in der Nacht 2001 &#8211; Peter Maffay &#8211; Rock<br \/>\nSpaghetti Polonaise &#8211; Die Dorfrocker &#8211;\u00a0 Stimmung<br \/>\nSteirermen san very good &#8211; Stoakogler Trio &#8211; Polka<br \/>\nStern des S\u00fcdens &#8211; FC Bayern United &#8211; Stimmung<br \/>\nSternenhimmel &#8211; Hubert Kah &#8211; NDW<br \/>\nTage wie diese &#8211; Die Toten Hosen &#8211; Rock<br \/>\nTanz mit mir Corinna &#8211; Die Paldauer &#8211; Schlager<br \/>\nTerpentin &#8211; B\u00f6hse Onkelz &#8211; Rock<br \/>\nTerra Titanic &#8211; Peter Schilling &#8211; NDW<br \/>\nTief im Frankenwald &#8211; Instrumental &#8211; Walzer<br \/>\nTimple-Boarischer &#8211; Sch\u00fcrzenj\u00e4ger &#8211; Rheinl\u00e4nder (schnell)<br \/>\nTrink mer noch a Tr\u00f6pfla &#8211; unbekannt &#8211; Rheinl\u00e4nder<br \/>\n\u00dcber den Wolken &#8211; Reinhard Mey &#8211; Schlager<br \/>\n\u00dcber sieben Br\u00fccken musst du gehn &#8211; Peter Maffay &#8211; Ballade<br \/>\nUnd es war Sommer &#8211; Peter Maffay &#8211; Ballade<br \/>\nUnd morgen fr\u00fch k\u00fc\u00df ich dich wach &#8211; Helene Fischer &#8211; Schlager<br \/>\nVerdammt ich lieb dich &#8211; Matthias Reim &#8211; Schlager<br \/>\nVerdammt lang her &#8211; Andreas Gabalier &#8211; Schlager<br \/>\nVerdamp lang her &#8211; BAP &#8211; Rock<br \/>\nVerliebt, verliebt &#8211; Andreas Gabalier &#8211; Schlager<br \/>\nVerlieben, verloren, vergessen &#8211; Wolfgang Petry &#8211; Schlager<br \/>\nViva Colonia &#8211; H\u00f6hner &#8211; Stimmung<br \/>\nVogel der Nacht &#8211; Stefan Remmler &#8211; Ballade<br \/>\nVogelbeerbaum &#8211; Dorfrocker &#8211; Stimmung<br \/>\nVolks Rock n roller &#8211; Andreas Gabalier &#8211; Austria Pop<br \/>\nWackelkontakt &#8211; Oimara &#8211; Malle Hits<br \/>\nWahnsinn &#8211; Wolfgang Petry &#8211; Schlager<br \/>\nWann wird&#8217;s mal wieder richtig Sommer &#8211; Rudi Carrell &#8211; Schlager<br \/>\nWarum hast du nicht nein gesagt &#8211; Roland Kaiser &#8211; Schlager<br \/>\nWas soll das &#8211; Herbert Gr\u00f6nemeyer &#8211; NDW<br \/>\nWeiss der Geier &#8211; Wolfgang Petry &#8211; Schlager<br \/>\nWenn ich tr\u00e4um in der Nacht &#8211; Roland Br\u00fcggen &#8211;\u00a0Polka<br \/>\nWenn wir einmal Engel sind &#8211; B\u00f6hse Onkelz &#8211; Rock<br \/>\nWesterland &#8211; Die \u00c4rzte &#8211; Rock<br \/>\nWillenlos &#8211; M.M. Westernhagen &#8211; Stimmung<br \/>\nWir ham noch lange nicht genug &#8211; B\u00f6hse Onkelz &#8211; Rock<br \/>\nWir sagen Dankeschoen &#8211; Flippers &#8211; Schlager<br \/>\nWieder alles im Griff\u00a0 &#8211; J\u00fcrgen Drews &#8211; Schlager<br \/>\nWir sind alle \u00fcber vierzig &#8211; Brunner &amp; Brunner &#8211; Schlager<br \/>\nZillertaler Hochzeitsmarsch &#8211; Zillertaler Sch\u00fcrzenj\u00e4ger &#8211; Polka<br \/>\nZu sp\u00e4t &#8211; Die \u00c4rzte &#8211; Rock<br \/>\nZwickt&#8217;s mi &#8211; Wolfgang Ambross &#8211; Austria<span style=\"color: #ffffff;\"><br \/>\n<\/span><\/p>\n<p><a href=\"http:\/\/www.3d-atelier.com\/wp_revolution\/playlist\/playlist-internationale-titel\/\">zur internationalen Playlist<\/a><\/p>\n","protected":false},"excerpt":{"rendered":"<p>Aktuelles Repertoire Revolution Stand 10.01.2026 1000 Traeume weit (Tornero) &#8211; Anna Maria Zimmermann &#8211; Schlager 1001 Nacht &#8211; Klaus Lage &#8211; Rock 7 Tage, 7 N\u00e4chte &#8211; Wolfgang Petry &#8211; Schlager 7000 Rinder &#8211; Troglauer Buam &#8211; Schlager 99 Luftballons &hellip; <a href=\"https:\/\/www.3d-atelier.com\/wp_revolution\/playlist\/playlist-nationale-titel\/\">Weiterlesen <span class=\"meta-nav\">&rarr;<\/span><\/a><\/p>\n","protected":false},"author":1,"featured_media":0,"parent":7,"menu_order":0,"comment_status":"closed","ping_status":"closed","template":"","meta":{"footnotes":""},"categories":[],"tags":[45,43,44],"class_list":["post-9","page","type-page","status-publish","hentry","tag-lieder","tag-playlist","tag-songs"],"publishpress_future_action":{"enabled":false,"date":"2026-04-28 08:16:05","action":"change-status","newStatus":"draft","terms":[],"taxonomy":"category","extraData":[]},"publishpress_future_workflow_manual_trigger":{"enabledWorkflows":[]},"_links":{"self":[{"href":"https:\/\/www.3d-atelier.com\/wp_revolution\/wp-json\/wp\/v2\/pages\/9","targetHints":{"allow":["GET"]}}],"collection":[{"href":"https:\/\/www.3d-atelier.com\/wp_revolution\/wp-json\/wp\/v2\/pages"}],"about":[{"href":"https:\/\/www.3d-atelier.com\/wp_revolution\/wp-json\/wp\/v2\/types\/page"}],"author":[{"embeddable":true,"href":"https:\/\/www.3d-atelier.com\/wp_revolution\/wp-json\/wp\/v2\/users\/1"}],"replies":[{"embeddable":true,"href":"https:\/\/www.3d-atelier.com\/wp_revolution\/wp-json\/wp\/v2\/comments?post=9"}],"version-history":[{"count":61,"href":"https:\/\/www.3d-atelier.com\/wp_revolution\/wp-json\/wp\/v2\/pages\/9\/revisions"}],"predecessor-version":[{"id":1077,"href":"https:\/\/www.3d-atelier.com\/wp_revolution\/wp-json\/wp\/v2\/pages\/9\/revisions\/1077"}],"up":[{"embeddable":true,"href":"https:\/\/www.3d-atelier.com\/wp_revolution\/wp-json\/wp\/v2\/pages\/7"}],"wp:attachment":[{"href":"https:\/\/www.3d-atelier.com\/wp_revolution\/wp-json\/wp\/v2\/media?parent=9"}],"wp:term":[{"taxonomy":"category","embeddable":true,"href":"https:\/\/www.3d-atelier.com\/wp_revolution\/wp-json\/wp\/v2\/categories?post=9"},{"taxonomy":"post_tag","embeddable":true,"href":"https:\/\/www.3d-atelier.com\/wp_revolution\/wp-json\/wp\/v2\/tags?post=9"}],"curies":[{"name":"wp","href":"https:\/\/api.w.org\/{rel}","templated":true}]}}