{"id":506,"date":"2015-05-30T17:03:41","date_gmt":"2015-05-30T17:03:41","guid":{"rendered":"http:\/\/www.3d-atelier.com\/wp_revolution\/?page_id=506"},"modified":"2015-05-30T17:03:41","modified_gmt":"2015-05-30T17:03:41","slug":"liedwuensche","status":"publish","type":"page","link":"https:\/\/www.3d-atelier.com\/wp_revolution\/liedwuensche\/","title":{"rendered":"Liedw\u00fcnsche"},"content":{"rendered":"<p>Wenn Sie meinen, wir m\u00fcssten unsere Playlist mit einem bestimmten Titel erg\u00e4nzen, k\u00f6nnen Sie uns diesen Titel als Kommentar vorschlagen.<\/p>\n","protected":false},"excerpt":{"rendered":"<p>Wenn Sie meinen, wir m\u00fcssten unsere Playlist mit einem bestimmten Titel erg\u00e4nzen, k\u00f6nnen Sie uns diesen Titel als Kommentar vorschlagen.<\/p>\n","protected":false},"author":1,"featured_media":0,"parent":0,"menu_order":0,"comment_status":"open","ping_status":"open","template":"","meta":{"footnotes":""},"categories":[],"tags":[],"class_list":["post-506","page","type-page","status-publish","hentry"],"publishpress_future_action":{"enabled":false,"date":"2026-04-25 10:29:54","action":"change-status","newStatus":"draft","terms":[],"taxonomy":"category","extraData":[]},"publishpress_future_workflow_manual_trigger":{"enabledWorkflows":[]},"_links":{"self":[{"href":"https:\/\/www.3d-atelier.com\/wp_revolution\/wp-json\/wp\/v2\/pages\/506","targetHints":{"allow":["GET"]}}],"collection":[{"href":"https:\/\/www.3d-atelier.com\/wp_revolution\/wp-json\/wp\/v2\/pages"}],"about":[{"href":"https:\/\/www.3d-atelier.com\/wp_revolution\/wp-json\/wp\/v2\/types\/page"}],"author":[{"embeddable":true,"href":"https:\/\/www.3d-atelier.com\/wp_revolution\/wp-json\/wp\/v2\/users\/1"}],"replies":[{"embeddable":true,"href":"https:\/\/www.3d-atelier.com\/wp_revolution\/wp-json\/wp\/v2\/comments?post=506"}],"version-history":[{"count":1,"href":"https:\/\/www.3d-atelier.com\/wp_revolution\/wp-json\/wp\/v2\/pages\/506\/revisions"}],"predecessor-version":[{"id":507,"href":"https:\/\/www.3d-atelier.com\/wp_revolution\/wp-json\/wp\/v2\/pages\/506\/revisions\/507"}],"wp:attachment":[{"href":"https:\/\/www.3d-atelier.com\/wp_revolution\/wp-json\/wp\/v2\/media?parent=506"}],"wp:term":[{"taxonomy":"category","embeddable":true,"href":"https:\/\/www.3d-atelier.com\/wp_revolution\/wp-json\/wp\/v2\/categories?post=506"},{"taxonomy":"post_tag","embeddable":true,"href":"https:\/\/www.3d-atelier.com\/wp_revolution\/wp-json\/wp\/v2\/tags?post=506"}],"curies":[{"name":"wp","href":"https:\/\/api.w.org\/{rel}","templated":true}]}}