{"id":471,"date":"2015-04-12T09:12:16","date_gmt":"2015-04-12T09:12:16","guid":{"rendered":"http:\/\/www.3d-atelier.com\/wp_revolution\/?page_id=471"},"modified":"2015-04-12T09:17:21","modified_gmt":"2015-04-12T09:17:21","slug":"open-air","status":"publish","type":"page","link":"https:\/\/www.3d-atelier.com\/wp_revolution\/veranstalterinfos\/open-air\/","title":{"rendered":"Open Air"},"content":{"rendered":"<p>Warme Sommern\u00e4chte, coole Drinks und gute Musik. &#8222;Open airs&#8220; z\u00e4hlen zu den Highlights des Jahres. Wir freuen uns, wenn wir solche Events musikalisch gestalten d\u00fcrfen!<\/p>\n<p><strong>Ablauf<\/strong><\/p>\n<p>In der Regel treffen wir bis zu einer Stunde vor Spielbeginn am Veranstaltungsort ein.\u00a0Viele H\u00e4nde, schnelles Ende. Wir freuen uns, falls 1-2 Helfer uns beim Tragen der PA-Anlage unterst\u00fctzen. B\u00fchnenvorbereitungen entnehmen Sie bitte dem <a title=\"Stageplan\" href=\"http:\/\/www.3d-atelier.com\/wp_revolution\/veranstalterinfos\/stageplan\/\"><span style=\"color: #a30000;\">Stageplan<\/span><\/a>. 2 PKW Stellpl\u00e4tze in der N\u00e4he\u00a0der B\u00fchne\u00a0w\u00e4re super. Es ist unbedingt darauf zu achten, dass die B\u00fchnenfl\u00e4che und somit unser Equipment komplett durch Witterungseinfl\u00fcsse wie Regen und Gewitter gesch\u00fctzt ist.<\/p>\n<p>Beginn der musikalischen Darbietung erfolgt gem\u00e4ss vorheriger Vereinbarung, es sei denn, der Veranstalter w\u00fcnscht kurzfristig einen sp\u00e4teren Beginn.<\/p>\n<p>Die Grundspielzeit kann zus\u00e4tzlich individuell am Abend halbst\u00fcndlich verl\u00e4ngert werden, wie eben die Lage des Abends es verspricht. Grunds\u00e4tzlich spielen wir solange, wie es der Veranstalter vorgibt und die Stimmung es zul\u00e4sst! Ist die Spielzeit zu Ende, erfolgt der Abbau. Hier w\u00fcrden wir uns ebenfalls wieder \u00fcber helfende H\u00e4nde freuen. In der Regel ben\u00f6tigen wir keine \u00dcbernachtung.<\/p>\n<p><strong>Lautst\u00e4rke<\/strong><\/p>\n<p>Unsere Beschallungsanlage ist ausgelegt f\u00fcr\u00a0Open airs\u00a0bis 1500 Personen. Wir geh\u00f6ren nicht zu der Art Bands, die auf Biegen und Brechen laut spielen wollen (m\u00fcssen). Unsere Dom\u00e4ne liegt nicht in der Lautst\u00e4rke, sondern in der Qualit\u00e4t der Darbietung.<\/p>\n<p><a title=\"Terminanfrage\" href=\"http:\/\/www.3d-atelier.com\/wp_revolution\/terminanfrage\/\"><span style=\"color: #a30000;\">Zur Terminanfrage<\/span><\/a><\/p>\n","protected":false},"excerpt":{"rendered":"<p>Warme Sommern\u00e4chte, coole Drinks und gute Musik. &#8222;Open airs&#8220; z\u00e4hlen zu den Highlights des Jahres. Wir freuen uns, wenn wir solche Events musikalisch gestalten d\u00fcrfen! Ablauf In der Regel treffen wir bis zu einer Stunde vor Spielbeginn am Veranstaltungsort ein.\u00a0Viele &hellip; <a href=\"https:\/\/www.3d-atelier.com\/wp_revolution\/veranstalterinfos\/open-air\/\">Weiterlesen <span class=\"meta-nav\">&rarr;<\/span><\/a><\/p>\n","protected":false},"author":1,"featured_media":0,"parent":29,"menu_order":0,"comment_status":"closed","ping_status":"closed","template":"","meta":{"footnotes":""},"categories":[],"tags":[],"class_list":["post-471","page","type-page","status-publish","hentry"],"publishpress_future_action":{"enabled":false,"date":"2026-04-25 12:23:14","action":"change-status","newStatus":"draft","terms":[],"taxonomy":"category","extraData":[]},"publishpress_future_workflow_manual_trigger":{"enabledWorkflows":[]},"_links":{"self":[{"href":"https:\/\/www.3d-atelier.com\/wp_revolution\/wp-json\/wp\/v2\/pages\/471","targetHints":{"allow":["GET"]}}],"collection":[{"href":"https:\/\/www.3d-atelier.com\/wp_revolution\/wp-json\/wp\/v2\/pages"}],"about":[{"href":"https:\/\/www.3d-atelier.com\/wp_revolution\/wp-json\/wp\/v2\/types\/page"}],"author":[{"embeddable":true,"href":"https:\/\/www.3d-atelier.com\/wp_revolution\/wp-json\/wp\/v2\/users\/1"}],"replies":[{"embeddable":true,"href":"https:\/\/www.3d-atelier.com\/wp_revolution\/wp-json\/wp\/v2\/comments?post=471"}],"version-history":[{"count":3,"href":"https:\/\/www.3d-atelier.com\/wp_revolution\/wp-json\/wp\/v2\/pages\/471\/revisions"}],"predecessor-version":[{"id":474,"href":"https:\/\/www.3d-atelier.com\/wp_revolution\/wp-json\/wp\/v2\/pages\/471\/revisions\/474"}],"up":[{"embeddable":true,"href":"https:\/\/www.3d-atelier.com\/wp_revolution\/wp-json\/wp\/v2\/pages\/29"}],"wp:attachment":[{"href":"https:\/\/www.3d-atelier.com\/wp_revolution\/wp-json\/wp\/v2\/media?parent=471"}],"wp:term":[{"taxonomy":"category","embeddable":true,"href":"https:\/\/www.3d-atelier.com\/wp_revolution\/wp-json\/wp\/v2\/categories?post=471"},{"taxonomy":"post_tag","embeddable":true,"href":"https:\/\/www.3d-atelier.com\/wp_revolution\/wp-json\/wp\/v2\/tags?post=471"}],"curies":[{"name":"wp","href":"https:\/\/api.w.org\/{rel}","templated":true}]}}