{"id":340,"date":"2015-04-04T12:06:59","date_gmt":"2015-04-04T12:06:59","guid":{"rendered":"http:\/\/www.3d-atelier.com\/wp_revolution\/?page_id=340"},"modified":"2015-04-06T17:58:07","modified_gmt":"2015-04-06T17:58:07","slug":"verpflegung","status":"publish","type":"page","link":"https:\/\/www.3d-atelier.com\/wp_revolution\/veranstalterinfos\/verpflegung\/","title":{"rendered":"Verpflegung"},"content":{"rendered":"<p>In der Regel sind die Veranstalter f\u00fcr die Verpflegung der Musiker von deren Anreise bis zur Abreise zust\u00e4ndig. Wir essen und trinken das, was auch ihre G\u00e4ste serviert bekommen. Im Normalfall sind das f\u00fcr jeden der beiden Musiker ein Essen und ein paar Getr\u00e4nke pro Abend oder Veranstaltung.<\/p>\n<p>Als Getr\u00e4nke bevorzugen wir Wasser (f\u00fcr Stefan) und Cola-Weizen (f\u00fcr Heiko). Um Bedienungen zu entlasten, k\u00f6nnen\u00a0folgende Getr\u00e4nke auch vor Auftritt auf der B\u00fchne zur Verf\u00fcgung gestellt werden: 4\u00a0Flaschen Wasser a\u00a00,5 Liter.<\/p>\n","protected":false},"excerpt":{"rendered":"<p>In der Regel sind die Veranstalter f\u00fcr die Verpflegung der Musiker von deren Anreise bis zur Abreise zust\u00e4ndig. Wir essen und trinken das, was auch ihre G\u00e4ste serviert bekommen. Im Normalfall sind das f\u00fcr jeden der beiden Musiker ein Essen &hellip; <a href=\"https:\/\/www.3d-atelier.com\/wp_revolution\/veranstalterinfos\/verpflegung\/\">Weiterlesen <span class=\"meta-nav\">&rarr;<\/span><\/a><\/p>\n","protected":false},"author":1,"featured_media":0,"parent":29,"menu_order":0,"comment_status":"closed","ping_status":"closed","template":"","meta":{"footnotes":""},"categories":[],"tags":[37,39,38],"class_list":["post-340","page","type-page","status-publish","hentry","tag-anforderungen","tag-catering","tag-verpflegung"],"publishpress_future_action":{"enabled":false,"date":"2026-05-01 07:30:41","action":"change-status","newStatus":"draft","terms":[],"taxonomy":"category","extraData":[]},"publishpress_future_workflow_manual_trigger":{"enabledWorkflows":[]},"_links":{"self":[{"href":"https:\/\/www.3d-atelier.com\/wp_revolution\/wp-json\/wp\/v2\/pages\/340","targetHints":{"allow":["GET"]}}],"collection":[{"href":"https:\/\/www.3d-atelier.com\/wp_revolution\/wp-json\/wp\/v2\/pages"}],"about":[{"href":"https:\/\/www.3d-atelier.com\/wp_revolution\/wp-json\/wp\/v2\/types\/page"}],"author":[{"embeddable":true,"href":"https:\/\/www.3d-atelier.com\/wp_revolution\/wp-json\/wp\/v2\/users\/1"}],"replies":[{"embeddable":true,"href":"https:\/\/www.3d-atelier.com\/wp_revolution\/wp-json\/wp\/v2\/comments?post=340"}],"version-history":[{"count":4,"href":"https:\/\/www.3d-atelier.com\/wp_revolution\/wp-json\/wp\/v2\/pages\/340\/revisions"}],"predecessor-version":[{"id":393,"href":"https:\/\/www.3d-atelier.com\/wp_revolution\/wp-json\/wp\/v2\/pages\/340\/revisions\/393"}],"up":[{"embeddable":true,"href":"https:\/\/www.3d-atelier.com\/wp_revolution\/wp-json\/wp\/v2\/pages\/29"}],"wp:attachment":[{"href":"https:\/\/www.3d-atelier.com\/wp_revolution\/wp-json\/wp\/v2\/media?parent=340"}],"wp:term":[{"taxonomy":"category","embeddable":true,"href":"https:\/\/www.3d-atelier.com\/wp_revolution\/wp-json\/wp\/v2\/categories?post=340"},{"taxonomy":"post_tag","embeddable":true,"href":"https:\/\/www.3d-atelier.com\/wp_revolution\/wp-json\/wp\/v2\/tags?post=340"}],"curies":[{"name":"wp","href":"https:\/\/api.w.org\/{rel}","templated":true}]}}