{"id":338,"date":"2015-04-04T12:06:15","date_gmt":"2015-04-04T12:06:15","guid":{"rendered":"http:\/\/www.3d-atelier.com\/wp_revolution\/?page_id=338"},"modified":"2015-04-07T07:27:31","modified_gmt":"2015-04-07T07:27:31","slug":"strombedarf","status":"publish","type":"page","link":"https:\/\/www.3d-atelier.com\/wp_revolution\/veranstalterinfos\/strombedarf\/","title":{"rendered":"Strombedarf"},"content":{"rendered":"<p>Wir ben\u00f6tigen keinen Starkstromanschluss. Handels\u00fcbliche 230 Volt Steckdosen reichen aus, damit unser Equipment mit Strom versorgt wird. Allerdings sollten diese Steckdosen ihren eigenen Stromkreis haben und keine weiteren Ger\u00e4te angeschlossen sein. Wir verwenden f\u00fcr unsere dezente Lichtshow ausschliesslich moderne LED-Technik, sodass der Stromverbrauch relativ gering ausf\u00e4llt. Nur bei gr\u00f6sseren Events in Hallen und Festzelten greifen wir auf konventionelle\u00a0Scheinwerfer, sog. Bodenfluter,\u00a0zur\u00fcck. Bei Bedarf wird dies im Vorfeld abgesprochen.<\/p>\n","protected":false},"excerpt":{"rendered":"<p>Wir ben\u00f6tigen keinen Starkstromanschluss. Handels\u00fcbliche 230 Volt Steckdosen reichen aus, damit unser Equipment mit Strom versorgt wird. Allerdings sollten diese Steckdosen ihren eigenen Stromkreis haben und keine weiteren Ger\u00e4te angeschlossen sein. Wir verwenden f\u00fcr unsere dezente Lichtshow ausschliesslich moderne LED-Technik, &hellip; <a href=\"https:\/\/www.3d-atelier.com\/wp_revolution\/veranstalterinfos\/strombedarf\/\">Weiterlesen <span class=\"meta-nav\">&rarr;<\/span><\/a><\/p>\n","protected":false},"author":1,"featured_media":0,"parent":29,"menu_order":0,"comment_status":"closed","ping_status":"closed","template":"","meta":{"footnotes":""},"categories":[],"tags":[37,32,31,36,29],"class_list":["post-338","page","type-page","status-publish","hentry","tag-anforderungen","tag-festzelte","tag-kirchweihtaenze","tag-strombedarf","tag-vereinsfeste"],"publishpress_future_action":{"enabled":false,"date":"2026-04-25 10:30:04","action":"change-status","newStatus":"draft","terms":[],"taxonomy":"category","extraData":[]},"publishpress_future_workflow_manual_trigger":{"enabledWorkflows":[]},"_links":{"self":[{"href":"https:\/\/www.3d-atelier.com\/wp_revolution\/wp-json\/wp\/v2\/pages\/338","targetHints":{"allow":["GET"]}}],"collection":[{"href":"https:\/\/www.3d-atelier.com\/wp_revolution\/wp-json\/wp\/v2\/pages"}],"about":[{"href":"https:\/\/www.3d-atelier.com\/wp_revolution\/wp-json\/wp\/v2\/types\/page"}],"author":[{"embeddable":true,"href":"https:\/\/www.3d-atelier.com\/wp_revolution\/wp-json\/wp\/v2\/users\/1"}],"replies":[{"embeddable":true,"href":"https:\/\/www.3d-atelier.com\/wp_revolution\/wp-json\/wp\/v2\/comments?post=338"}],"version-history":[{"count":3,"href":"https:\/\/www.3d-atelier.com\/wp_revolution\/wp-json\/wp\/v2\/pages\/338\/revisions"}],"predecessor-version":[{"id":353,"href":"https:\/\/www.3d-atelier.com\/wp_revolution\/wp-json\/wp\/v2\/pages\/338\/revisions\/353"}],"up":[{"embeddable":true,"href":"https:\/\/www.3d-atelier.com\/wp_revolution\/wp-json\/wp\/v2\/pages\/29"}],"wp:attachment":[{"href":"https:\/\/www.3d-atelier.com\/wp_revolution\/wp-json\/wp\/v2\/media?parent=338"}],"wp:term":[{"taxonomy":"category","embeddable":true,"href":"https:\/\/www.3d-atelier.com\/wp_revolution\/wp-json\/wp\/v2\/categories?post=338"},{"taxonomy":"post_tag","embeddable":true,"href":"https:\/\/www.3d-atelier.com\/wp_revolution\/wp-json\/wp\/v2\/tags?post=338"}],"curies":[{"name":"wp","href":"https:\/\/api.w.org\/{rel}","templated":true}]}}