{"id":299,"date":"2015-04-04T10:23:56","date_gmt":"2015-04-04T10:23:56","guid":{"rendered":"http:\/\/www.3d-atelier.com\/wp_revolution\/?page_id=299"},"modified":"2015-04-12T08:57:52","modified_gmt":"2015-04-12T08:57:52","slug":"vereinsfeste","status":"publish","type":"page","link":"https:\/\/www.3d-atelier.com\/wp_revolution\/veranstalterinfos\/vereinsfeste\/","title":{"rendered":"Vereinsfeste"},"content":{"rendered":"<p>Ob Sch\u00fctzenfest, Feuerwehrfest, Sportfest, Parteifest, S\u00e4ngerfest, etc., in den letzten 10 Jahren haben wir im gesamten deutschsprachigen Raum zahlreiche Besucher mit unserer musikalischen\u00a0Darbietung begeistert.<\/p>\n<p><strong>Ablauf<\/strong><\/p>\n<p>In der Regel treffen wir bis zu einer Stunde vor Spielbeginn am Veranstaltungsort ein.\u00a0Sollte das Fest im Umkreis von 20km sein (ausgehend von 96358 Teuschnitz), und die Gegebenheit es zul\u00e4sst, bauen wir bereits vormittag, mittag oder nachmittag\u00a0unser Equipment\u00a0auf. Dies efolgt nach vorheriger Absprache.<br \/>\nViele H\u00e4nde, schnelles Ende. Wir freuen uns, falls 1-2 Helfer uns beim Tragen der PA-Anlage unterst\u00fctzen. B\u00fchnenvorbereitungen entnehmen Sie bitte dem <a title=\"Stageplan\" href=\"http:\/\/www.3d-atelier.com\/wp_revolution\/veranstalterinfos\/stageplan\/\">Stageplan<\/a>. 2 PKW Stellpl\u00e4tze in der N\u00e4he des Eingangs oder in der N\u00e4he eines B\u00fchnenzugangs w\u00e4re super.<\/p>\n<p>Beginn der musikalischen Darbietung erfolgt gem\u00e4ss vorheriger Vereinbarung, es sei denn, der Veranstalter w\u00fcnscht kurzfristig einen sp\u00e4teren Beginn.<\/p>\n<p>Die Grundspielzeit kann zus\u00e4tzlich individuell am Abend halbst\u00fcndlich verl\u00e4ngert werden, wie eben die Lage des Abends es verspricht. Grunds\u00e4tzlich spielen wir solange, wie es der Veranstalter vorgibt und die Stimmung es zul\u00e4sst! Ist die Spielzeit zu Ende, erfolgt der Abbau. Hier w\u00fcrden wir uns ebenfalls wieder \u00fcber helfende H\u00e4nde freuen. In der Regel ben\u00f6tigen wir keine \u00dcbernachtung.<\/p>\n<p><strong>Lautst\u00e4rke<\/strong><\/p>\n<p>Die Lautst\u00e4rke unserer PA-Anlage stellen wir so ein, dass sich die G\u00e4ste noch gut unterhalten k\u00f6nnen. Es kann jedoch immer wieder einmal vorkommen, dass die Lautst\u00e4rke zu laut ist, ja manchmal sogar zu leise. In diesem Fall bitten wir den Veranstalter, uns kurz zu informieren, damit wir nachjustieren k\u00f6nnen. Wir geh\u00f6ren nicht zu der Art Bands, die auf Biegen und Brechen laut spielen wollen (m\u00fcssen). Unsere Dom\u00e4ne liegt nicht in der Lautst\u00e4rke, sondern in der Qualit\u00e4t der Darbietung.<\/p>\n<p><strong>Booking<br \/>\n<\/strong><\/p>\n<p>Wenn Sie ein Firmenfest planen, ihr Verein ein Jubil\u00e4um feiert, ihre Feuerwehrabteilung das j\u00e4hrliche Feuerwehrfest plant, Revolution \u00fcbernimmt gerne die musikalische Gestaltung. Wir freuen uns auf Euch !<\/p>\n<p><a title=\"Terminanfrage\" href=\"http:\/\/www.3d-atelier.com\/wp_revolution\/terminanfrage\/\">Zur Terminanfrage<\/a><\/p>\n","protected":false},"excerpt":{"rendered":"<p>Ob Sch\u00fctzenfest, Feuerwehrfest, Sportfest, Parteifest, S\u00e4ngerfest, etc., in den letzten 10 Jahren haben wir im gesamten deutschsprachigen Raum zahlreiche Besucher mit unserer musikalischen\u00a0Darbietung begeistert. Ablauf In der Regel treffen wir bis zu einer Stunde vor Spielbeginn am Veranstaltungsort ein.\u00a0Sollte das &hellip; <a href=\"https:\/\/www.3d-atelier.com\/wp_revolution\/veranstalterinfos\/vereinsfeste\/\">Weiterlesen <span class=\"meta-nav\">&rarr;<\/span><\/a><\/p>\n","protected":false},"author":1,"featured_media":0,"parent":29,"menu_order":0,"comment_status":"closed","ping_status":"closed","template":"","meta":{"footnotes":""},"categories":[],"tags":[29],"class_list":["post-299","page","type-page","status-publish","hentry","tag-vereinsfeste"],"publishpress_future_action":{"enabled":false,"date":"2026-04-25 10:30:17","action":"change-status","newStatus":"draft","terms":[],"taxonomy":"category","extraData":[]},"publishpress_future_workflow_manual_trigger":{"enabledWorkflows":[]},"_links":{"self":[{"href":"https:\/\/www.3d-atelier.com\/wp_revolution\/wp-json\/wp\/v2\/pages\/299","targetHints":{"allow":["GET"]}}],"collection":[{"href":"https:\/\/www.3d-atelier.com\/wp_revolution\/wp-json\/wp\/v2\/pages"}],"about":[{"href":"https:\/\/www.3d-atelier.com\/wp_revolution\/wp-json\/wp\/v2\/types\/page"}],"author":[{"embeddable":true,"href":"https:\/\/www.3d-atelier.com\/wp_revolution\/wp-json\/wp\/v2\/users\/1"}],"replies":[{"embeddable":true,"href":"https:\/\/www.3d-atelier.com\/wp_revolution\/wp-json\/wp\/v2\/comments?post=299"}],"version-history":[{"count":7,"href":"https:\/\/www.3d-atelier.com\/wp_revolution\/wp-json\/wp\/v2\/pages\/299\/revisions"}],"predecessor-version":[{"id":469,"href":"https:\/\/www.3d-atelier.com\/wp_revolution\/wp-json\/wp\/v2\/pages\/299\/revisions\/469"}],"up":[{"embeddable":true,"href":"https:\/\/www.3d-atelier.com\/wp_revolution\/wp-json\/wp\/v2\/pages\/29"}],"wp:attachment":[{"href":"https:\/\/www.3d-atelier.com\/wp_revolution\/wp-json\/wp\/v2\/media?parent=299"}],"wp:term":[{"taxonomy":"category","embeddable":true,"href":"https:\/\/www.3d-atelier.com\/wp_revolution\/wp-json\/wp\/v2\/categories?post=299"},{"taxonomy":"post_tag","embeddable":true,"href":"https:\/\/www.3d-atelier.com\/wp_revolution\/wp-json\/wp\/v2\/tags?post=299"}],"curies":[{"name":"wp","href":"https:\/\/api.w.org\/{rel}","templated":true}]}}