{"id":297,"date":"2015-04-04T10:23:33","date_gmt":"2015-04-04T10:23:33","guid":{"rendered":"http:\/\/www.3d-atelier.com\/wp_revolution\/?page_id=297"},"modified":"2015-04-12T09:00:32","modified_gmt":"2015-04-12T09:00:32","slug":"festzelte","status":"publish","type":"page","link":"https:\/\/www.3d-atelier.com\/wp_revolution\/veranstalterinfos\/festzelte\/","title":{"rendered":"Festzelte"},"content":{"rendered":"<p>Je nach Fest und Publikum beginnen wir \u00fcblicherweise mit Tanz- und Stimmungsmusik. Auch Rock- und Partymusik darf zu sp\u00e4terer Stunde nicht fehlen. Wie bei jeder Veranstaltung erf\u00fcllen wir sehr gerne Liedw\u00fcnsche, sofern\u00a0sie sich\u00a0in unserer <a title=\"Playlist\" href=\"http:\/\/www.3d-atelier.com\/wp_revolution\/playlist\/\">Playlist<\/a> befinden.\u00a0Revolution verh\u00e4lt sich absolut professionell, d.h. gespielt wird f\u00fcr genau das Publikum, welches sich im Zelt befindet, ohne den Umsatz des Veranstalters aus den Augen zu verlieren. Speziell entwickelte Techniken und Publikumsanimationen dienen nicht nur der Stimmungssteigerung, sondern haupts\u00e4chlich\u00a0zur Umsatz- und Gewinnsteigerung des Veranstalters.<\/p>\n<p><strong>Ablauf<\/strong><\/p>\n<p>In der Regel treffen wir bis zu einer Stunde vor Spielbeginn am Veranstaltungsort ein.\u00a0Sollte das Fest im Umkreis von 20km sein (ausgehend von 96358 Teuschnitz), und die Gegebenheit es zul\u00e4sst, bauen wir bereits Vormittag, Mittag oder Nachmittag\u00a0unser Equipment\u00a0auf. Dies erfolgt nach vorheriger Absprache.<br \/>\nViele H\u00e4nde, schnelles Ende. Wir freuen uns, falls 1-2 Helfer uns beim Tragen der PA-Anlage unterst\u00fctzen. B\u00fchnenvorbereitungen entnehmen Sie bitte dem <a title=\"Stageplan\" href=\"http:\/\/www.3d-atelier.com\/wp_revolution\/veranstalterinfos\/stageplan\/\"><span style=\"color: #a30000;\">Stageplan<\/span><\/a>. 2 PKW Stellpl\u00e4tze in der N\u00e4he des Eingangs oder in der N\u00e4he eines B\u00fchnenzugangs w\u00e4re super.<\/p>\n<p>Beginn der musikalischen Darbietung erfolgt gem\u00e4ss vorheriger Vereinbarung, es sei denn, der Veranstalter w\u00fcnscht kurzfristig einen sp\u00e4teren Beginn.<\/p>\n<p>Die Grundspielzeit kann zus\u00e4tzlich individuell am Abend halbst\u00fcndlich verl\u00e4ngert werden, wie eben die Lage des Abends es verspricht. Grunds\u00e4tzlich spielen wir solange, wie es der Veranstalter vorgibt und die Stimmung es zul\u00e4sst! Ist die Spielzeit zu Ende, erfolgt der Abbau. Hier w\u00fcrden wir uns ebenfalls wieder \u00fcber helfende H\u00e4nde freuen. In der Regel ben\u00f6tigen wir keine \u00dcbernachtung.<\/p>\n<p><strong>Lautst\u00e4rke<\/strong><\/p>\n<p>Unsere Beschallungsanlage ist ausgelegt f\u00fcr Festzelte mit einem Fassungsverm\u00f6gen von 1000 &#8211; 1500 Personen. Die Lautst\u00e4rke unserer PA-Anlage stellen wir so ein, dass sich die G\u00e4ste noch gut unterhalten k\u00f6nnen. Es kann jedoch immer wieder einmal vorkommen, dass die Lautst\u00e4rke zu laut ist, ja manchmal sogar zu leise. In diesem Fall bitten wir den Veranstalter, uns kurz zu informieren, damit wir nachjustieren k\u00f6nnen. Wir geh\u00f6ren nicht zu der Art Bands, die auf Biegen und Brechen laut spielen wollen (m\u00fcssen). Unsere Dom\u00e4ne liegt nicht in der Lautst\u00e4rke, sondern in der Qualit\u00e4t der Darbietung.<\/p>\n<p><a title=\"Terminanfrage\" href=\"http:\/\/www.3d-atelier.com\/wp_revolution\/terminanfrage\/\"><span style=\"color: #a30000;\">Zur Terminanfrage<\/span><\/a><\/p>\n","protected":false},"excerpt":{"rendered":"<p>Je nach Fest und Publikum beginnen wir \u00fcblicherweise mit Tanz- und Stimmungsmusik. Auch Rock- und Partymusik darf zu sp\u00e4terer Stunde nicht fehlen. Wie bei jeder Veranstaltung erf\u00fcllen wir sehr gerne Liedw\u00fcnsche, sofern\u00a0sie sich\u00a0in unserer Playlist befinden.\u00a0Revolution verh\u00e4lt sich absolut professionell, &hellip; <a href=\"https:\/\/www.3d-atelier.com\/wp_revolution\/veranstalterinfos\/festzelte\/\">Weiterlesen <span class=\"meta-nav\">&rarr;<\/span><\/a><\/p>\n","protected":false},"author":1,"featured_media":0,"parent":29,"menu_order":0,"comment_status":"closed","ping_status":"closed","template":"","meta":{"footnotes":""},"categories":[],"tags":[32],"class_list":["post-297","page","type-page","status-publish","hentry","tag-festzelte"],"publishpress_future_action":{"enabled":false,"date":"2026-04-25 12:05:56","action":"change-status","newStatus":"draft","terms":[],"taxonomy":"category","extraData":[]},"publishpress_future_workflow_manual_trigger":{"enabledWorkflows":[]},"_links":{"self":[{"href":"https:\/\/www.3d-atelier.com\/wp_revolution\/wp-json\/wp\/v2\/pages\/297","targetHints":{"allow":["GET"]}}],"collection":[{"href":"https:\/\/www.3d-atelier.com\/wp_revolution\/wp-json\/wp\/v2\/pages"}],"about":[{"href":"https:\/\/www.3d-atelier.com\/wp_revolution\/wp-json\/wp\/v2\/types\/page"}],"author":[{"embeddable":true,"href":"https:\/\/www.3d-atelier.com\/wp_revolution\/wp-json\/wp\/v2\/users\/1"}],"replies":[{"embeddable":true,"href":"https:\/\/www.3d-atelier.com\/wp_revolution\/wp-json\/wp\/v2\/comments?post=297"}],"version-history":[{"count":5,"href":"https:\/\/www.3d-atelier.com\/wp_revolution\/wp-json\/wp\/v2\/pages\/297\/revisions"}],"predecessor-version":[{"id":470,"href":"https:\/\/www.3d-atelier.com\/wp_revolution\/wp-json\/wp\/v2\/pages\/297\/revisions\/470"}],"up":[{"embeddable":true,"href":"https:\/\/www.3d-atelier.com\/wp_revolution\/wp-json\/wp\/v2\/pages\/29"}],"wp:attachment":[{"href":"https:\/\/www.3d-atelier.com\/wp_revolution\/wp-json\/wp\/v2\/media?parent=297"}],"wp:term":[{"taxonomy":"category","embeddable":true,"href":"https:\/\/www.3d-atelier.com\/wp_revolution\/wp-json\/wp\/v2\/categories?post=297"},{"taxonomy":"post_tag","embeddable":true,"href":"https:\/\/www.3d-atelier.com\/wp_revolution\/wp-json\/wp\/v2\/tags?post=297"}],"curies":[{"name":"wp","href":"https:\/\/api.w.org\/{rel}","templated":true}]}}