{"id":295,"date":"2015-04-04T10:23:01","date_gmt":"2015-04-04T10:23:01","guid":{"rendered":"http:\/\/www.3d-atelier.com\/wp_revolution\/?page_id=295"},"modified":"2016-05-01T21:10:11","modified_gmt":"2016-05-01T21:10:11","slug":"geburtstage","status":"publish","type":"page","link":"https:\/\/www.3d-atelier.com\/wp_revolution\/veranstalterinfos\/geburtstage\/","title":{"rendered":"Geburtstage"},"content":{"rendered":"<p>F\u00fcr Geburtstage ist Revolution geradezu pr\u00e4destiniert. Den Abend beginnend mit einem \u201eHappy birthday to you\u201c haben wir f\u00fcr den Rest des Abends f\u00fcr jede Altersklasse aus unserem \u00fcber 300 Lieder grossen <a title=\"Playlist\" href=\"http:\/\/www.3d-atelier.com\/wp_revolution\/playlist\/\">Repertoire <\/a>die richtige Mischung dabei.<br \/>\nMit einer auf die Gegebenheiten angepasster angenehmer Lautst\u00e4rke wird auch Ihr Geburtstag zu einem aufwertenden besonderen Ereignis.<br \/>\nRevolution ist sehr flexibel und kann w\u00e4hrend der Feier spontan auf musikalische W\u00fcnsche der Organisation eingehen. Wichtig bei Geburtstagsfeiern ist es auf jeden Fall, den W\u00fcnschen und Anregungen des Geburtstagskindes gerecht zu werden. Wir verf\u00fcgen \u00fcber eine 10 j\u00e4hrige Geburtstags-Erfahrung und kennen eigentlich fast jeden aufkommenden Wunsch und sind somit f\u00fcr fast alle Eventualit\u00e4ten gewappnet.<\/p>\n<p><strong>Ablauf<\/strong><\/p>\n<p>In der Regel treffen wir bis zu einer Stunde vor Spielbeginn am Veranstaltungsort ein. Bei Geburtstagsfeiern im Umkreis von 20Km (ausgehend von 96358 Teuschnitz) versuchen wir immer, bereits vormittags, oder falls m\u00f6glich bereits am Tag zuvor, unser Equipment aufzubauen, um die Feierlichkeit so wenig wie m\u00f6glich mit Aufbauarbeiten und Soundcheck zu st\u00f6ren.<br \/>\nSollte ein Aufbau erst kurz vor Spielbeginn m\u00f6glich sein, nehmen wir gr\u00f6sste R\u00fccksicht auf Ruhe und verhalten uns seri\u00f6s und professionell. Aufgrund unserer Erfahrung k\u00f6nnen wir notfalls sogar auf einen eventuell st\u00f6renden Soundcheck verzichten.<br \/>\nBeginn der musikalischen Darbietung erfolgt gem\u00e4ss vorheriger Vereinbarung. Sollte sich das Abendessen verz\u00f6gern, k\u00f6nnen wir mit gediegener und leiser Musik diesen Teil des Abends begleiten, falls gew\u00fcnscht. Falls dies nicht gew\u00fcnscht wird, beginnen wir mit unserem Programm auf Zeichen des Geburtstagskindes.<br \/>\nDie Grundspielzeit kann zus\u00e4tzlich individuell am Abend halbst\u00fcndlich verl\u00e4ngert werden, wie eben die Lage des Abends es verspricht. Grunds\u00e4tzlich spielen wir solange, wie es das Geburtstagskind vorgibt und die Stimmung es zul\u00e4sst! Ist die Spielzeit zu Ende, erfolgt der Abbau ebenfalls ruhig und leise, um danach die Heimreise anzutreten. In der Regel ben\u00f6tigen wir keine \u00dcbernachtung.<\/p>\n<p><strong>Lautst\u00e4rke<\/strong><\/p>\n<p>Die Lautst\u00e4rke unserer PA-Anlage stellen wir bei Geburtstagsfeiern immer so ein, dass sich die G\u00e4ste noch gut unterhalten k\u00f6nnen. Es kann jedoch immer wieder einmal vorkommen, dass die Lautst\u00e4rke zu laut ist, ja manchmal sogar zu leise. In diesem Fall bitten wir das Geburtstagskind, uns kurz zu informieren, damit wir nachjustieren k\u00f6nnen. Wir geh\u00f6ren nicht zu der Art Bands, die auf Biegen und Brechen laut spielen wollen (m\u00fcssen). Unsere Dom\u00e4ne liegt nicht in der Lautst\u00e4rke, sondern in der Qualit\u00e4t der Darbietung.<\/p>\n<p><strong>Licht<\/strong><\/p>\n<p>\u00dcblicherweise verzichten wir bei Geburtstagsfeiern gr\u00f6sstenteils auf unsere Leuchtmittel und f\u00fcgen uns nahtlos in das vorhandene Raumkonzept ein.<\/p>\n<p><strong>Das Wichtigste<\/strong><\/p>\n<p>Das Wichtigste an diesem Tag ist das Geburtstagskind! Es steht im Mittelpunkt und wird von uns auch so behandelt! Wir freuen uns auf Dich !<\/p>\n<p><a title=\"Terminanfrage\" href=\"http:\/\/www.3d-atelier.com\/wp_revolution\/terminanfrage\/\">Zur Terminanfrage<\/a><\/p>\n","protected":false},"excerpt":{"rendered":"<p>F\u00fcr Geburtstage ist Revolution geradezu pr\u00e4destiniert. Den Abend beginnend mit einem \u201eHappy birthday to you\u201c haben wir f\u00fcr den Rest des Abends f\u00fcr jede Altersklasse aus unserem \u00fcber 300 Lieder grossen Repertoire die richtige Mischung dabei. Mit einer auf die &hellip; <a href=\"https:\/\/www.3d-atelier.com\/wp_revolution\/veranstalterinfos\/geburtstage\/\">Weiterlesen <span class=\"meta-nav\">&rarr;<\/span><\/a><\/p>\n","protected":false},"author":1,"featured_media":0,"parent":29,"menu_order":0,"comment_status":"closed","ping_status":"closed","template":"","meta":{"footnotes":""},"categories":[],"tags":[33,41],"class_list":["post-295","page","type-page","status-publish","hentry","tag-geburtstage","tag-geburtstagsfeier"],"publishpress_future_action":{"enabled":false,"date":"2026-04-25 10:28:41","action":"change-status","newStatus":"draft","terms":[],"taxonomy":"category","extraData":[]},"publishpress_future_workflow_manual_trigger":{"enabledWorkflows":[]},"_links":{"self":[{"href":"https:\/\/www.3d-atelier.com\/wp_revolution\/wp-json\/wp\/v2\/pages\/295","targetHints":{"allow":["GET"]}}],"collection":[{"href":"https:\/\/www.3d-atelier.com\/wp_revolution\/wp-json\/wp\/v2\/pages"}],"about":[{"href":"https:\/\/www.3d-atelier.com\/wp_revolution\/wp-json\/wp\/v2\/types\/page"}],"author":[{"embeddable":true,"href":"https:\/\/www.3d-atelier.com\/wp_revolution\/wp-json\/wp\/v2\/users\/1"}],"replies":[{"embeddable":true,"href":"https:\/\/www.3d-atelier.com\/wp_revolution\/wp-json\/wp\/v2\/comments?post=295"}],"version-history":[{"count":4,"href":"https:\/\/www.3d-atelier.com\/wp_revolution\/wp-json\/wp\/v2\/pages\/295\/revisions"}],"predecessor-version":[{"id":589,"href":"https:\/\/www.3d-atelier.com\/wp_revolution\/wp-json\/wp\/v2\/pages\/295\/revisions\/589"}],"up":[{"embeddable":true,"href":"https:\/\/www.3d-atelier.com\/wp_revolution\/wp-json\/wp\/v2\/pages\/29"}],"wp:attachment":[{"href":"https:\/\/www.3d-atelier.com\/wp_revolution\/wp-json\/wp\/v2\/media?parent=295"}],"wp:term":[{"taxonomy":"category","embeddable":true,"href":"https:\/\/www.3d-atelier.com\/wp_revolution\/wp-json\/wp\/v2\/categories?post=295"},{"taxonomy":"post_tag","embeddable":true,"href":"https:\/\/www.3d-atelier.com\/wp_revolution\/wp-json\/wp\/v2\/tags?post=295"}],"curies":[{"name":"wp","href":"https:\/\/api.w.org\/{rel}","templated":true}]}}