{"id":293,"date":"2015-04-04T10:21:09","date_gmt":"2015-04-04T10:21:09","guid":{"rendered":"http:\/\/www.3d-atelier.com\/wp_revolution\/?page_id=293"},"modified":"2022-07-11T09:05:07","modified_gmt":"2022-07-11T09:05:07","slug":"hochzeiten","status":"publish","type":"page","link":"https:\/\/www.3d-atelier.com\/wp_revolution\/veranstalterinfos\/hochzeiten\/","title":{"rendered":"Hochzeiten"},"content":{"rendered":"<p><strong>Liederauswahl<\/strong><\/p>\n<p>Bei Hochzeitsfeiern ist es wichtig, ein Publikum zu \u00fcberzeugen, welches einen sehr gedehnten Altersquerschnitt aufweist mit einem mindestens genauso breiten Musikgeschmack. Revolution kann auf ein Repertoire mit \u00fcber 300 Liedern zur\u00fcckgreifen, bei dem jeder Geschmack abgedeckt wird. Gerne kann aber auch das Hochzeitspaar eine <a title=\"Playlist\" href=\"http:\/\/www.3d-atelier.com\/wp_revolution\/playlist\/\">Wunschliste<\/a> an Liedern vorher\u00a0 erstellen, die wir dann zur Hochzeitsfeier unter Ber\u00fccksichtigung der Gesellschaft erf\u00fcllen.<\/p>\n<p><strong>Spiele und Einlagen<\/strong><\/p>\n<p>Wir k\u00f6nnen jederzeit unser Programm f\u00fcr Spiele oder Einlagen, die von G\u00e4sten durchgef\u00fchrt werden, unterbrechen. Wir stellen bei Bedarf sehr gerne bis zu zwei Mikrofone mit ausreichend Kabell\u00e4nge zur Verf\u00fcgung. Schnurlose Mikrofone verwenden wir nicht. Heiko kann bei entsprechenden Gesellschaftsspielen, wie z.B. \u201eEine Reise nach Jerusalem\u201c (Stuhlspiel), die musikalische Unterst\u00fctzung \u00fcbernehmen. Wir haben auch zu jeder Veranstaltung einen CD Player dabei, der sowohl Audio-Format als auch MP3-Format abspielen kann. Aufgrund der besseren Qualit\u00e4t empfehlen wir aber immer das Audio-Format. Auch das Abspielen von einem Handy mit Klinkenausgang ist jederzeit moeglich.<\/p>\n<p><strong>Ablauf<\/strong><\/p>\n<p>In der Regel treffen wir bis zu einer Stunde vor Spielbeginn am Veranstaltungsort ein. Bei Hochzeitsfeiern im Umkreis von 20Km (ausgehend von 96358 Teuschnitz) versuchen wir immer, bereits vormittags, oder falls m\u00f6glich bereits am Tag zuvor, unser Equipment aufzubauen, um die Feierlichkeit so wenig wie m\u00f6glich mit Aufbauarbeiten und Soundcheck zu st\u00f6ren.<br \/>\nSollte ein Aufbau erst kurz vor Spielbeginn m\u00f6glich sein, nehmen wir gr\u00f6sste R\u00fccksicht auf Ruhe und verhalten uns seri\u00f6s und professionell. Aufgrund unserer Erfahrung k\u00f6nnen wir notfalls sogar auf einen eventuell st\u00f6renden Soundcheck verzichten.<\/p>\n<p>Beginn der musikalischen Darbietung erfolgt gem\u00e4ss vorheriger Vereinbarung. Sollte sich das Abendessen verz\u00f6gern, k\u00f6nnen wir mit gediegener und leiser Musik diesen Teil des Abends begleiten, falls gew\u00fcnscht. Falls dies nicht gew\u00fcnscht wird, beginnen wir mit unserem Programm auf Zeichen des Hochzeitpaares.<\/p>\n<p>Niemand kennt das Publikum besser als das Hochzeitspaar, deshalb kann hier im Vorfeld der Ablauf sehr gut abgesprochen werden. Setzen sich beispielsweise viele G\u00e4ste aus Familien mit Kleinkindern und\/oder Urgrossm\u00fctter \/-v\u00e4ter zusammen, kann man davon ausgehen, dass diese G\u00e4ste das Hochzeitsfest vorzeitig verlassen. In diesem Falle sollte man eine Spielzeit w\u00e4hlen, die bereits fr\u00fcher beginnt (z.B. 19.00 &#8211; 20.00 Uhr) und eher endet (z.B. 0.00 &#8211; 01.00 Uhr).<br \/>\nWerden viele junge, junggebliebene, feierlustige, tanzende Besucher erwartet, kann die Spielzeit beliebig nach hinten verschoben werden.<br \/>\nDie Grundspielzeit kann zus\u00e4tzlich individuell am Abend halbst\u00fcndlich verl\u00e4ngert werden, wie eben die Lage des Abends es verspricht. Grunds\u00e4tzlich spielen wir solange, wie es das Hochzeitspaar vorgibt und die Stimmung es zul\u00e4sst! Ist die Spielzeit zu Ende, erfolgt der Abbau ebenfalls ruhig und leise, um danach die Heimreise anzutreten. In der Regel ben\u00f6tigen wir keine \u00dcbernachtung.<\/p>\n<p><strong>Lautst\u00e4rke<\/strong><\/p>\n<p>Die Lautst\u00e4rke unserer PA-Anlage stellen wir bei Hochzeitsfeiern immer so ein, dass sich die G\u00e4ste noch gut unterhalten k\u00f6nnen. Es kann jedoch immer wieder einmal vorkommen, dass die Lautst\u00e4rke zu laut ist, ja manchmal sogar zu leise. In diesem Fall bitten wir das Hochzeitspaar, uns kurz zu informieren, damit wir nachjustieren k\u00f6nnen. Wir geh\u00f6ren nicht zu der Art Bands, die auf Biegen und Brechen laut spielen wollen (m\u00fcssen). Unsere Dom\u00e4ne liegt nicht in der Lautst\u00e4rke, sondern in der Qualit\u00e4t der Darbietung.<\/p>\n<p><strong>Licht<\/strong><\/p>\n<p>Speziell bei Hochzeitsveranstaltungen werden die R\u00e4umlichkeiten wundersch\u00f6n geschm\u00fcckt und mit romantischer Beleuchtung, wie Kerzenschein, unterstrichen. Diese Stimmung wollen wir auf gar keinen Fall durch bunte Partylichter zerst\u00f6ren. Deshalb verzichten wir gr\u00f6sstenteils auf unsere Leuchtmittel und f\u00fcgen uns nahtlos in das vorhandene Konzept ein.<\/p>\n<p><strong>Das Wichtigste<\/strong><\/p>\n<p>Das Wichtigste an diesem Tag seid ihr! Ihr steht im Mittelpunkt und werdet von uns auch so behandelt! Wir freuen uns auf Euch !<\/p>\n<p><a title=\"Terminanfrage\" href=\"http:\/\/www.3d-atelier.com\/wp_revolution\/terminanfrage\/\">Zur Terminanfrage<\/a><\/p>\n","protected":false},"excerpt":{"rendered":"<p>Liederauswahl Bei Hochzeitsfeiern ist es wichtig, ein Publikum zu \u00fcberzeugen, welches einen sehr gedehnten Altersquerschnitt aufweist mit einem mindestens genauso breiten Musikgeschmack. Revolution kann auf ein Repertoire mit \u00fcber 300 Liedern zur\u00fcckgreifen, bei dem jeder Geschmack abgedeckt wird. Gerne kann &hellip; <a href=\"https:\/\/www.3d-atelier.com\/wp_revolution\/veranstalterinfos\/hochzeiten\/\">Weiterlesen <span class=\"meta-nav\">&rarr;<\/span><\/a><\/p>\n","protected":false},"author":1,"featured_media":0,"parent":29,"menu_order":0,"comment_status":"closed","ping_status":"closed","template":"","meta":{"footnotes":""},"categories":[],"tags":[37,20,21,42,22],"class_list":["post-293","page","type-page","status-publish","hentry","tag-anforderungen","tag-hochzeit","tag-hochzeitsband","tag-hochzeitsfeier","tag-hochzeitsmusik"],"publishpress_future_action":{"enabled":false,"date":"2026-05-06 04:29:48","action":"change-status","newStatus":"draft","terms":[],"taxonomy":"category","extraData":[]},"publishpress_future_workflow_manual_trigger":{"enabledWorkflows":[]},"_links":{"self":[{"href":"https:\/\/www.3d-atelier.com\/wp_revolution\/wp-json\/wp\/v2\/pages\/293","targetHints":{"allow":["GET"]}}],"collection":[{"href":"https:\/\/www.3d-atelier.com\/wp_revolution\/wp-json\/wp\/v2\/pages"}],"about":[{"href":"https:\/\/www.3d-atelier.com\/wp_revolution\/wp-json\/wp\/v2\/types\/page"}],"author":[{"embeddable":true,"href":"https:\/\/www.3d-atelier.com\/wp_revolution\/wp-json\/wp\/v2\/users\/1"}],"replies":[{"embeddable":true,"href":"https:\/\/www.3d-atelier.com\/wp_revolution\/wp-json\/wp\/v2\/comments?post=293"}],"version-history":[{"count":7,"href":"https:\/\/www.3d-atelier.com\/wp_revolution\/wp-json\/wp\/v2\/pages\/293\/revisions"}],"predecessor-version":[{"id":829,"href":"https:\/\/www.3d-atelier.com\/wp_revolution\/wp-json\/wp\/v2\/pages\/293\/revisions\/829"}],"up":[{"embeddable":true,"href":"https:\/\/www.3d-atelier.com\/wp_revolution\/wp-json\/wp\/v2\/pages\/29"}],"wp:attachment":[{"href":"https:\/\/www.3d-atelier.com\/wp_revolution\/wp-json\/wp\/v2\/media?parent=293"}],"wp:term":[{"taxonomy":"category","embeddable":true,"href":"https:\/\/www.3d-atelier.com\/wp_revolution\/wp-json\/wp\/v2\/categories?post=293"},{"taxonomy":"post_tag","embeddable":true,"href":"https:\/\/www.3d-atelier.com\/wp_revolution\/wp-json\/wp\/v2\/tags?post=293"}],"curies":[{"name":"wp","href":"https:\/\/api.w.org\/{rel}","templated":true}]}}