{"id":2,"date":"2014-12-12T16:08:04","date_gmt":"2014-12-12T16:08:04","guid":{"rendered":"http:\/\/www.3d-atelier.com\/wp_revolution\/?page_id=2"},"modified":"2022-05-29T07:43:38","modified_gmt":"2022-05-29T07:43:38","slug":"home","status":"publish","type":"page","link":"https:\/\/www.3d-atelier.com\/wp_revolution\/","title":{"rendered":"Home"},"content":{"rendered":"<p>&nbsp;<\/p>\n<p><strong>Herzlich willkommen!<\/strong><\/p>\n<p>Die Band &#8222;Revolution&#8220; gibt es seit Anfang des Jahres 2004 und ist besetzt mit Gitarre und Keyboard. Heiko war 20 Jahre Keyboarder und S\u00e4nger der Unterhaltungsband &#8222;Funny Five&#8220;, Stefan bis 2004 in diversen Coverbands als Gitarrist und S\u00e4nger aktiv. Zusammen also eine unschlagbare Mischung. Wir verwenden f\u00fcr unsere Live-Performance sogenannte MIDI-files, die \u00fcber das Keyboard angesteuert werden. In diesen MIDI-files sind unsere Begleitinstrumente wie Schlagzeug und Bass integriert. Unser Gesang ist zu 100% live und ohne Effekte!<\/p>\n<p><strong>Der Kunde ist K\u00f6nig!<\/strong><\/p>\n<p>Wir versuchen immer, auf W\u00fcnsche und Bed\u00fcrfnisse der Gastgeber und Besucher, sofern es in unserer Macht steht, einzugehen. Insbesondere bei Titelw\u00fcnsche aus unserer <a title=\"Playlist nationale Titel\" href=\"http:\/\/www.3d-atelier.com\/wp_revolution\/playlist\/playlist-nationale-titel\/\">nationalen Playlist<\/a>\u00a0und <a title=\"Playlist internationale Titel\" href=\"http:\/\/www.3d-atelier.com\/wp_revolution\/playlist\/playlist-internationale-titel\/\">internationalen Playlist<\/a>!<\/p>\n<p><strong>Demos &amp; H\u00f6rproben<\/strong><\/p>\n<p>Wer kauft schon gerne die Katze im Sack? Unsere <a title=\"Playlist H\u00f6rproben\" href=\"http:\/\/www.3d-atelier.com\/wp_revolution\/playlist\/playlist-hoerproben\/\">H\u00f6rproben<\/a> sind in unserem Proberaum in Teuschnitz unter minimalistischsten Aufnahmebedingungen entstanden, ohne Effekte und ohne Nachbearbeitung.<\/p>\n<p><strong>Booking<\/strong><\/p>\n<p>Sie k\u00f6nnen uns gerne f\u00fcr Ihre private, \u00f6ffentliche oder gesch\u00e4ftliche Feier buchen. Bitte benutzen Sie hierzu das Formular zur unverbindlichen <a title=\"Terminanfrage\" href=\"http:\/\/www.3d-atelier.com\/wp_revolution\/terminanfrage\/\">Terminanfrage<\/a>.<\/p>\n","protected":false},"excerpt":{"rendered":"<p>&nbsp; Herzlich willkommen! Die Band &#8222;Revolution&#8220; gibt es seit Anfang des Jahres 2004 und ist besetzt mit Gitarre und Keyboard. Heiko war 20 Jahre Keyboarder und S\u00e4nger der Unterhaltungsband &#8222;Funny Five&#8220;, Stefan bis 2004 in diversen Coverbands als Gitarrist und &hellip; <a href=\"https:\/\/www.3d-atelier.com\/wp_revolution\/\">Weiterlesen <span class=\"meta-nav\">&rarr;<\/span><\/a><\/p>\n","protected":false},"author":1,"featured_media":0,"parent":0,"menu_order":0,"comment_status":"closed","ping_status":"closed","template":"","meta":{"footnotes":""},"categories":[],"tags":[30,20,21,42,22,31,26,29],"class_list":["post-2","page","type-page","status-publish","hentry","tag-faschingsveranstaltungen","tag-hochzeit","tag-hochzeitsband","tag-hochzeitsfeier","tag-hochzeitsmusik","tag-kirchweihtaenze","tag-midi","tag-vereinsfeste"],"publishpress_future_action":{"enabled":false,"date":"2026-04-25 15:18:35","action":"change-status","newStatus":"draft","terms":[],"taxonomy":"category","extraData":[]},"publishpress_future_workflow_manual_trigger":{"enabledWorkflows":[]},"_links":{"self":[{"href":"https:\/\/www.3d-atelier.com\/wp_revolution\/wp-json\/wp\/v2\/pages\/2","targetHints":{"allow":["GET"]}}],"collection":[{"href":"https:\/\/www.3d-atelier.com\/wp_revolution\/wp-json\/wp\/v2\/pages"}],"about":[{"href":"https:\/\/www.3d-atelier.com\/wp_revolution\/wp-json\/wp\/v2\/types\/page"}],"author":[{"embeddable":true,"href":"https:\/\/www.3d-atelier.com\/wp_revolution\/wp-json\/wp\/v2\/users\/1"}],"replies":[{"embeddable":true,"href":"https:\/\/www.3d-atelier.com\/wp_revolution\/wp-json\/wp\/v2\/comments?post=2"}],"version-history":[{"count":16,"href":"https:\/\/www.3d-atelier.com\/wp_revolution\/wp-json\/wp\/v2\/pages\/2\/revisions"}],"predecessor-version":[{"id":818,"href":"https:\/\/www.3d-atelier.com\/wp_revolution\/wp-json\/wp\/v2\/pages\/2\/revisions\/818"}],"wp:attachment":[{"href":"https:\/\/www.3d-atelier.com\/wp_revolution\/wp-json\/wp\/v2\/media?parent=2"}],"wp:term":[{"taxonomy":"category","embeddable":true,"href":"https:\/\/www.3d-atelier.com\/wp_revolution\/wp-json\/wp\/v2\/categories?post=2"},{"taxonomy":"post_tag","embeddable":true,"href":"https:\/\/www.3d-atelier.com\/wp_revolution\/wp-json\/wp\/v2\/tags?post=2"}],"curies":[{"name":"wp","href":"https:\/\/api.w.org\/{rel}","templated":true}]}}