{"id":147,"date":"2021-01-02T10:57:36","date_gmt":"2021-01-02T09:57:36","guid":{"rendered":"http:\/\/www.3d-atelier.com\/wp_3d-atelier\/test-web-05\/?post_type=product&#038;p=147"},"modified":"2021-01-02T11:02:00","modified_gmt":"2021-01-02T10:02:00","slug":"20210102-02-bomb-cosmetics-soap-slices-golden-sands","status":"publish","type":"product","link":"https:\/\/www.3d-atelier.com\/wp_3d-atelier\/test-web-05\/produkt\/20210102-02-bomb-cosmetics-soap-slices-golden-sands\/","title":{"rendered":"Bomb Cosmetics Soap Slices Golden Sands"},"content":{"rendered":"<div class=\"product-description columns tab\" data-tab-scroll-to=\".scroll-tabs-here\">\n<div class=\"heading-underlined\">\n<div class=\"product-description columns tab\" data-tab-scroll-to=\".scroll-tabs-here\">\n<div class=\"heading-underlined\">Produktdetails:<\/div>\n<div class=\"tab-content\">\n<div class=\"description\">\n<div class=\"description-content\">\n<p>Lassen Sie sich auf Ihre eigene einsame Insel sp\u00fclen, wo glitzernde Erde Ihre Haut in der Sonne k\u00fcsst und die \u00e4therischen \u00d6le aus Eukalyptus und Bergamotte Ihren Geist wiederbeleben.<\/p>\n<p>Wirkung:<br \/>\nDuftend, Pflegend, Reinigend<\/p>\n<p>Hauttyp: Alle Hauttypen<\/p>\n<p>Anwendung:<br \/>\nDie Seife in den Handfl\u00e4chen aufsch\u00e4umen und mit kreisenden Bewegungen in die Haut einmassieren. Mit Wasser gr\u00fcndlich absp\u00fclen.<\/p>\n<p>Inhaltsstoffe:<br \/>\nAqua (Water), Propylene Glycol, Sodium Stearate, Glycerin, Sodium Laurate, Sodium Laureth Sulfate, Sorbitol, Parfum (Fragrance), Sodium Lauryl Sulfate, Sodium Chloride, Stearic Acid, Lauric Acid, Synthetic Fluorphlogopite, Eucalyptus Globulus Leaf Oil, Citrus Aurantium Bergamia (Bergamot) Fruit Oil, Pentasodium Pentetate, Tetrasodium Etidronate, Benzyl Salicylate, Linalool, Butylphenyl Methylpropional, Citronellol, CI 77891 (Titanium Dioxide), CI 77491 (Iron Oxides), CI 42090 (Blue 1), CI 19140 (Yellow 5).<\/p>\n<\/div>\n<\/div>\n<\/div>\n<\/div>\n<\/div>\n<\/div>\n","protected":false},"excerpt":{"rendered":"<p>Produktdetails: Lassen Sie sich auf Ihre eigene einsame Insel sp\u00fclen, wo glitzernde Erde Ihre Haut in der Sonne k\u00fcsst und die \u00e4therischen \u00d6le aus Eukalyptus und Bergamotte Ihren Geist wiederbeleben. Wirkung: Duftend, Pflegend, Reinigend Hauttyp: Alle Hauttypen Anwendung: Die Seife in den Handfl\u00e4chen aufsch\u00e4umen und mit kreisenden Bewegungen in die Haut einmassieren. Mit Wasser gr\u00fcndlich [&hellip;]<\/p>\n","protected":false},"featured_media":148,"comment_status":"open","ping_status":"closed","template":"","meta":[],"product_brand":[],"product_cat":[49],"product_tag":[47,50],"class_list":{"0":"post-147","1":"product","2":"type-product","3":"status-publish","4":"has-post-thumbnail","6":"product_cat-bomb-cosmetics","7":"product_tag-bomb-cosmetics","8":"product_tag-seife","10":"first","11":"instock","12":"taxable","13":"shipping-taxable","14":"purchasable","15":"product-type-simple"},"_links":{"self":[{"href":"https:\/\/www.3d-atelier.com\/wp_3d-atelier\/test-web-05\/wp-json\/wp\/v2\/product\/147","targetHints":{"allow":["GET"]}}],"collection":[{"href":"https:\/\/www.3d-atelier.com\/wp_3d-atelier\/test-web-05\/wp-json\/wp\/v2\/product"}],"about":[{"href":"https:\/\/www.3d-atelier.com\/wp_3d-atelier\/test-web-05\/wp-json\/wp\/v2\/types\/product"}],"replies":[{"embeddable":true,"href":"https:\/\/www.3d-atelier.com\/wp_3d-atelier\/test-web-05\/wp-json\/wp\/v2\/comments?post=147"}],"wp:featuredmedia":[{"embeddable":true,"href":"https:\/\/www.3d-atelier.com\/wp_3d-atelier\/test-web-05\/wp-json\/wp\/v2\/media\/148"}],"wp:attachment":[{"href":"https:\/\/www.3d-atelier.com\/wp_3d-atelier\/test-web-05\/wp-json\/wp\/v2\/media?parent=147"}],"wp:term":[{"taxonomy":"product_brand","embeddable":true,"href":"https:\/\/www.3d-atelier.com\/wp_3d-atelier\/test-web-05\/wp-json\/wp\/v2\/product_brand?post=147"},{"taxonomy":"product_cat","embeddable":true,"href":"https:\/\/www.3d-atelier.com\/wp_3d-atelier\/test-web-05\/wp-json\/wp\/v2\/product_cat?post=147"},{"taxonomy":"product_tag","embeddable":true,"href":"https:\/\/www.3d-atelier.com\/wp_3d-atelier\/test-web-05\/wp-json\/wp\/v2\/product_tag?post=147"}],"curies":[{"name":"wp","href":"https:\/\/api.w.org\/{rel}","templated":true}]}}