{"id":145,"date":"2021-01-02T10:47:15","date_gmt":"2021-01-02T09:47:15","guid":{"rendered":"http:\/\/www.3d-atelier.com\/wp_3d-atelier\/test-web-05\/?post_type=product&#038;p=145"},"modified":"2023-07-13T16:22:07","modified_gmt":"2023-07-13T14:22:07","slug":"bomb-cosmetics-soap-slices-crazy-cupid","status":"publish","type":"product","link":"https:\/\/www.3d-atelier.com\/wp_3d-atelier\/test-web-05\/produkt\/bomb-cosmetics-soap-slices-crazy-cupid\/","title":{"rendered":"Bomb Cosmetics Soap Slices Crazy Cupid"},"content":{"rendered":"<div class=\"product-description columns tab\" data-tab-scroll-to=\".scroll-tabs-here\">\n<div class=\"heading-underlined\">Produktdetails:<br \/>\nCrazy Cupid macht sie verr\u00fcckt! \u00c4therische \u00d6le von Lavendel, Kamille und reichlich Ylang Ylang bescheren ihnen einen ruhigen, entspannten Abend.<\/div>\n<div class=\"tab-content\">\n<p>Hauttyp:<br \/>\nAlle Hauttypen<\/p>\n<p>Anwendung:<br \/>\nSanfte Reinigung der Hand.<\/p>\n<p>Inhaltsstoffe:<br \/>\nAqua (Water), Propylene Glycol, Sodium Stearate, Glycerin, Sodium Laurate, Sodium Laureth Sulfate, Sorbitol, Sodium Lauryl Sulfate, Sodium Palmate, Parfum (Fragrance), Sodium Chloride, Sodium Palm Kernalate, Stearic Acid, Lauric Acid, Palm Kernal Acid, Papaver Orientale (Poppy) Seed, Potassium Palmate, Potassium Palm Kernalate, Pentasodium Pentetate, Tetrasodium Etidronate, Lavandula Angustifolia (Lavender) Flower Oil, Cananga Odorata (Ylang Ylang) Flower Oil, Anthemis Nobilis (Chamomile) Oil, Amyl Cinnamal, Citronellol, Hexyl Cinnamal, Hydroxycitronellol, Isoeugenol, Butulphenyl Methylpropional, Linalool, a-Isomethyl Ionone, CI 77891 (Titanium Dioxide), CI 14700 (Red 4), CI 17200 (Red 33).<\/p>\n<\/div>\n<\/div>\n","protected":false},"excerpt":{"rendered":"<p>Produktdetails: Crazy Cupid macht sie verr\u00fcckt! \u00c4therische \u00d6le von Lavendel, Kamille und reichlich Ylang Ylang bescheren ihnen einen ruhigen, entspannten Abend. Hauttyp: Alle Hauttypen Anwendung: Sanfte Reinigung der Hand. Inhaltsstoffe: Aqua (Water), Propylene Glycol, Sodium Stearate, Glycerin, Sodium Laurate, Sodium Laureth Sulfate, Sorbitol, Sodium Lauryl Sulfate, Sodium Palmate, Parfum (Fragrance), Sodium Chloride, Sodium Palm Kernalate, [&hellip;]<\/p>\n","protected":false},"featured_media":146,"comment_status":"open","ping_status":"closed","template":"","meta":[],"product_brand":[],"product_cat":[49],"product_tag":[47,50],"class_list":{"0":"post-145","1":"product","2":"type-product","3":"status-publish","4":"has-post-thumbnail","6":"product_cat-bomb-cosmetics","7":"product_tag-bomb-cosmetics","8":"product_tag-seife","10":"first","11":"instock","12":"taxable","13":"shipping-taxable","14":"purchasable","15":"product-type-simple"},"_links":{"self":[{"href":"https:\/\/www.3d-atelier.com\/wp_3d-atelier\/test-web-05\/wp-json\/wp\/v2\/product\/145","targetHints":{"allow":["GET"]}}],"collection":[{"href":"https:\/\/www.3d-atelier.com\/wp_3d-atelier\/test-web-05\/wp-json\/wp\/v2\/product"}],"about":[{"href":"https:\/\/www.3d-atelier.com\/wp_3d-atelier\/test-web-05\/wp-json\/wp\/v2\/types\/product"}],"replies":[{"embeddable":true,"href":"https:\/\/www.3d-atelier.com\/wp_3d-atelier\/test-web-05\/wp-json\/wp\/v2\/comments?post=145"}],"wp:featuredmedia":[{"embeddable":true,"href":"https:\/\/www.3d-atelier.com\/wp_3d-atelier\/test-web-05\/wp-json\/wp\/v2\/media\/146"}],"wp:attachment":[{"href":"https:\/\/www.3d-atelier.com\/wp_3d-atelier\/test-web-05\/wp-json\/wp\/v2\/media?parent=145"}],"wp:term":[{"taxonomy":"product_brand","embeddable":true,"href":"https:\/\/www.3d-atelier.com\/wp_3d-atelier\/test-web-05\/wp-json\/wp\/v2\/product_brand?post=145"},{"taxonomy":"product_cat","embeddable":true,"href":"https:\/\/www.3d-atelier.com\/wp_3d-atelier\/test-web-05\/wp-json\/wp\/v2\/product_cat?post=145"},{"taxonomy":"product_tag","embeddable":true,"href":"https:\/\/www.3d-atelier.com\/wp_3d-atelier\/test-web-05\/wp-json\/wp\/v2\/product_tag?post=145"}],"curies":[{"name":"wp","href":"https:\/\/api.w.org\/{rel}","templated":true}]}}