{"id":119,"date":"2020-12-30T16:50:02","date_gmt":"2020-12-30T15:50:02","guid":{"rendered":"http:\/\/www.3d-atelier.com\/wp_3d-atelier\/test-web-05\/?post_type=product&#038;p=119"},"modified":"2020-12-31T10:58:06","modified_gmt":"2020-12-31T09:58:06","slug":"20201230-04-storefactory-vase-stravalla","status":"publish","type":"product","link":"https:\/\/www.3d-atelier.com\/wp_3d-atelier\/test-web-05\/produkt\/20201230-04-storefactory-vase-stravalla\/","title":{"rendered":"Storefactory &#8211; Vase Stravalla dark grey"},"content":{"rendered":"<div class=\"css-1g9qw47\">\n<div class=\"css-i65rac\">Material: Keramik<\/div>\n<div class=\"css-i65rac\">Ma\u00dfe:24 cm L \u00d7 8 cm B \u00d7 21 cm H<\/div>\n<\/div>\n","protected":false},"excerpt":{"rendered":"<div class=\"css-i65rac\">Ma\u00dfe:24 cm L \u00d7 8 cm B \u00d7 21 cm H<\/div>\n","protected":false},"featured_media":120,"comment_status":"open","ping_status":"closed","template":"","meta":[],"product_brand":[],"product_cat":[43],"product_tag":[44],"class_list":{"0":"post-119","1":"product","2":"type-product","3":"status-publish","4":"has-post-thumbnail","6":"product_cat-storefactory","7":"product_tag-storefactory","9":"first","10":"instock","11":"taxable","12":"shipping-taxable","13":"purchasable","14":"product-type-simple"},"_links":{"self":[{"href":"https:\/\/www.3d-atelier.com\/wp_3d-atelier\/test-web-05\/wp-json\/wp\/v2\/product\/119","targetHints":{"allow":["GET"]}}],"collection":[{"href":"https:\/\/www.3d-atelier.com\/wp_3d-atelier\/test-web-05\/wp-json\/wp\/v2\/product"}],"about":[{"href":"https:\/\/www.3d-atelier.com\/wp_3d-atelier\/test-web-05\/wp-json\/wp\/v2\/types\/product"}],"replies":[{"embeddable":true,"href":"https:\/\/www.3d-atelier.com\/wp_3d-atelier\/test-web-05\/wp-json\/wp\/v2\/comments?post=119"}],"wp:featuredmedia":[{"embeddable":true,"href":"https:\/\/www.3d-atelier.com\/wp_3d-atelier\/test-web-05\/wp-json\/wp\/v2\/media\/120"}],"wp:attachment":[{"href":"https:\/\/www.3d-atelier.com\/wp_3d-atelier\/test-web-05\/wp-json\/wp\/v2\/media?parent=119"}],"wp:term":[{"taxonomy":"product_brand","embeddable":true,"href":"https:\/\/www.3d-atelier.com\/wp_3d-atelier\/test-web-05\/wp-json\/wp\/v2\/product_brand?post=119"},{"taxonomy":"product_cat","embeddable":true,"href":"https:\/\/www.3d-atelier.com\/wp_3d-atelier\/test-web-05\/wp-json\/wp\/v2\/product_cat?post=119"},{"taxonomy":"product_tag","embeddable":true,"href":"https:\/\/www.3d-atelier.com\/wp_3d-atelier\/test-web-05\/wp-json\/wp\/v2\/product_tag?post=119"}],"curies":[{"name":"wp","href":"https:\/\/api.w.org\/{rel}","templated":true}]}}