{"id":17,"date":"2015-05-01T11:15:28","date_gmt":"2015-05-01T09:15:28","guid":{"rendered":"http:\/\/www.3d-atelier.com\/wp_3d-atelier\/test-web-03\/?page_id=17"},"modified":"2016-01-10T19:01:17","modified_gmt":"2016-01-10T18:01:17","slug":"preise","status":"publish","type":"page","link":"https:\/\/www.3d-atelier.com\/wp_3d-atelier\/test-web-03\/preise\/","title":{"rendered":"Preise"},"content":{"rendered":"<p><strong>Preise<\/strong><br \/>\nPreis auf Anfrage<\/p>\n<p>Falls noch kein Domainname und kein Server vorhanden sind, fallen weitere externe Kosten an. In diesem Falle k\u00f6nnen wir uneingeschr\u00e4nkt den Webhosting Anbieter <a href=\"https:\/\/admin.kontent.com\" target=\"_blank\">KONTENT<\/a> empfehlen. Sie ben\u00f6tigen folgende Produkte:<br \/>\n&#8211; Domainname (Kosten: .de Domain 0,60 EUR \/ Monat))<br \/>\n&#8211; Webspace (Kosten: 1GB 3,00 EUR \/ Monat)<br \/>\n&#8211; eMail Modul bei vorhandener Mail-Adresse (optional 0,30 EUR\/Monat)<br \/>\n&#8211; eMail Modul, wenn keine Mail-Adresse vorhanden ist (optional 1,50 EUR\/Monat)<\/p>\n<p><strong>Leistungen<\/strong><br \/>\n&#8211; Installation und Einrichtung der Software WordPress<\/p>\n<p>&#8211; Erstellung des Grundlayouts mit Farbanpassung<\/p>\n<p>&#8211; Erstellung eines Headers<\/p>\n<p>&#8211; Erstellung von bis zu 10 individuelle Seiten<br \/>\n(z.B. &#8222;\u00dcber uns&#8220;, &#8222;Referenzen&#8220;, &#8222;Beispiele&#8220;, &#8222;Projekte&#8220;, &#8222;Service&#8220;, &#8222;Aktuelles&#8220;, &#8222;Kontakt&#8220;, &#8222;Impressum&#8220;, &#8222;Leistungsprofil&#8220;, &#8222;Links&#8220;, &#8222;Produkte&#8220;, &#8222;Anfahrt&#8220;, &#8222;Mitarbeiter&#8220;, &#8222;B\u00fcroprofil&#8220;<\/p>\n<p>&#8211; Falls gew\u00fcnscht, telefonische Einweisung f\u00fcr redaktionelle \u00c4nderungen in Eigenregie.<\/p>\n<p><strong>Anforderungen<\/strong><br \/>\n&#8211; Der von ihnen gestellte Server muss eine aktuelle php Version sowie eine freie Datenbank vorweisen (in der Regel wird diese Voraussetzung von allen Anbietern wie 1und1, Strato, Kontent, etc erf\u00fcllt).<\/p>\n<p>&#8211; Text- und Bilddateien werden von ihnen zur Verf\u00fcgung gestellt.<\/p>\n","protected":false},"excerpt":{"rendered":"<p>Preise Preis auf Anfrage Falls noch kein Domainname und kein Server vorhanden sind, fallen weitere externe Kosten an. In diesem Falle k\u00f6nnen wir uneingeschr\u00e4nkt den Webhosting Anbieter KONTENT empfehlen. Sie ben\u00f6tigen folgende Produkte: &#8211; Domainname (Kosten: .de Domain 0,60 EUR \/ Monat)) &#8211; Webspace (Kosten: 1GB 3,00 EUR \/ Monat) &#8211; eMail Modul bei vorhandener [&hellip;]<\/p>\n","protected":false},"author":1,"featured_media":60,"parent":0,"menu_order":0,"comment_status":"closed","ping_status":"closed","template":"","meta":[],"_links":{"self":[{"href":"https:\/\/www.3d-atelier.com\/wp_3d-atelier\/test-web-03\/wp-json\/wp\/v2\/pages\/17"}],"collection":[{"href":"https:\/\/www.3d-atelier.com\/wp_3d-atelier\/test-web-03\/wp-json\/wp\/v2\/pages"}],"about":[{"href":"https:\/\/www.3d-atelier.com\/wp_3d-atelier\/test-web-03\/wp-json\/wp\/v2\/types\/page"}],"author":[{"embeddable":true,"href":"https:\/\/www.3d-atelier.com\/wp_3d-atelier\/test-web-03\/wp-json\/wp\/v2\/users\/1"}],"replies":[{"embeddable":true,"href":"https:\/\/www.3d-atelier.com\/wp_3d-atelier\/test-web-03\/wp-json\/wp\/v2\/comments?post=17"}],"version-history":[{"count":7,"href":"https:\/\/www.3d-atelier.com\/wp_3d-atelier\/test-web-03\/wp-json\/wp\/v2\/pages\/17\/revisions"}],"predecessor-version":[{"id":81,"href":"https:\/\/www.3d-atelier.com\/wp_3d-atelier\/test-web-03\/wp-json\/wp\/v2\/pages\/17\/revisions\/81"}],"wp:featuredmedia":[{"embeddable":true,"href":"https:\/\/www.3d-atelier.com\/wp_3d-atelier\/test-web-03\/wp-json\/wp\/v2\/media\/60"}],"wp:attachment":[{"href":"https:\/\/www.3d-atelier.com\/wp_3d-atelier\/test-web-03\/wp-json\/wp\/v2\/media?parent=17"}],"curies":[{"name":"wp","href":"https:\/\/api.w.org\/{rel}","templated":true}]}}