{"id":13,"date":"2015-05-01T11:14:43","date_gmt":"2015-05-01T09:14:43","guid":{"rendered":"http:\/\/www.3d-atelier.com\/wp_3d-atelier\/test-web-03\/?page_id=13"},"modified":"2015-05-19T11:11:37","modified_gmt":"2015-05-19T09:11:37","slug":"info","status":"publish","type":"page","link":"https:\/\/www.3d-atelier.com\/wp_3d-atelier\/test-web-03\/info\/","title":{"rendered":"Info"},"content":{"rendered":"<h2><strong>Web &#8222;Elucidate&#8220;<\/strong><\/h2>\n<p><strong>Responsives Design<br \/>\n<\/strong>Bedeutet, dass die Website auf allen Medien wie PC, Tablet und Smartphones\u00a0optimal aufrufbar und navigierbar ist. In der heutigen Zeit eines der wichtigsten Anforderungsmerkmale der Webgestaltung. Google bevorzugt seit Mai 2015 responsive Webseiten bei der Suche und benachteiligt so starre Internetauftritte. Mit WordPress als CMS sind Sie auf der (zukunfts-)sicheren Seite. (Quelle: <a href=\"http:\/\/www.presseportal.de\/pm\/116721\/2998970\/praxis-google-fordert-mobil-webdesign-responsive-benoetigt-was-tun\" target=\"_blank\">Presseportal<\/a>)<\/p>\n<p><strong>Kopfzeile<\/strong><br \/>\nIn der Kopfzeile kann ihr Logo platziert werden oder einfach nur ein Text. Auch ein Untertitel ist m\u00f6glich.<\/p>\n<p><strong>Farben<\/strong><br \/>\nDie Hintergrundfarbe im Randbereich kann beliebig ge\u00e4ndert werden.<\/p>\n<p><strong>Headerbild<\/strong><br \/>\nEs sind verschiedene Headerbilder m\u00f6glich, auch bei allen angelegten Seiten.<\/p>\n<p><strong>Menuezeile<\/strong><br \/>\nEs k\u00f6nnen einzelne Menuepunkte mit Menueunterpunkten angelegt werden (siehe auch Menuepunkt &#8222;Produkte&#8220;)<\/p>\n<p><strong>Seitenbereich<\/strong><br \/>\nIm Seitenbereich des Weblayouts sind sogenannte &#8222;Widgets&#8220; platziert, die zus\u00e4tzlichen Mehrwert f\u00fcr den Besucher bedeuten k\u00f6nnen. Diese Widgets sind beliebig positionierbar und werden auf ihre Bed\u00fcrfnisse und Anforderungen ausgesucht und angelegt.<\/p>\n<p><strong>Preise<\/strong><br \/>\nPreise und Anforderungen finden sie in der Rubrik\u00a0<a href=\"http:\/\/www.3d-atelier.com\/wp_3d-atelier\/test-web-03\/preise\/\">Preise<\/a><\/p>\n<p><strong>Administration<\/strong><br \/>\nWordpress bietet die M\u00f6glichkeit, auf einfachste Art und Weise Text\u00e4nderungen auch f\u00fcr Laien selbst durchzuf\u00fchren, falls dies gew\u00fcnscht wird. Hierbei wird lediglich nur ein aktueller Webbrowser wie z.B, Internet Explorer, Firefox, Google Chrome, etc ben\u00f6tigt. Sie k\u00f6nnen sich dann mit Benutzernamen und Passwort anmelden und \u00fcber den sogenannten &#8222;Backend&#8220;-Bereich \u00c4nderungen vornehmen. Es ist so einfach wie ein Schreibprogramm (MS Word o.\u00e4.).<\/p>\n","protected":false},"excerpt":{"rendered":"<p>Web &#8222;Elucidate&#8220; Responsives Design Bedeutet, dass die Website auf allen Medien wie PC, Tablet und Smartphones\u00a0optimal aufrufbar und navigierbar ist. In der heutigen Zeit eines der wichtigsten Anforderungsmerkmale der Webgestaltung. Google bevorzugt seit Mai 2015 responsive Webseiten bei der Suche und benachteiligt so starre Internetauftritte. Mit WordPress als CMS sind Sie auf der (zukunfts-)sicheren Seite. [&hellip;]<\/p>\n","protected":false},"author":1,"featured_media":58,"parent":0,"menu_order":0,"comment_status":"closed","ping_status":"closed","template":"","meta":[],"_links":{"self":[{"href":"https:\/\/www.3d-atelier.com\/wp_3d-atelier\/test-web-03\/wp-json\/wp\/v2\/pages\/13"}],"collection":[{"href":"https:\/\/www.3d-atelier.com\/wp_3d-atelier\/test-web-03\/wp-json\/wp\/v2\/pages"}],"about":[{"href":"https:\/\/www.3d-atelier.com\/wp_3d-atelier\/test-web-03\/wp-json\/wp\/v2\/types\/page"}],"author":[{"embeddable":true,"href":"https:\/\/www.3d-atelier.com\/wp_3d-atelier\/test-web-03\/wp-json\/wp\/v2\/users\/1"}],"replies":[{"embeddable":true,"href":"https:\/\/www.3d-atelier.com\/wp_3d-atelier\/test-web-03\/wp-json\/wp\/v2\/comments?post=13"}],"version-history":[{"count":9,"href":"https:\/\/www.3d-atelier.com\/wp_3d-atelier\/test-web-03\/wp-json\/wp\/v2\/pages\/13\/revisions"}],"predecessor-version":[{"id":74,"href":"https:\/\/www.3d-atelier.com\/wp_3d-atelier\/test-web-03\/wp-json\/wp\/v2\/pages\/13\/revisions\/74"}],"wp:featuredmedia":[{"embeddable":true,"href":"https:\/\/www.3d-atelier.com\/wp_3d-atelier\/test-web-03\/wp-json\/wp\/v2\/media\/58"}],"wp:attachment":[{"href":"https:\/\/www.3d-atelier.com\/wp_3d-atelier\/test-web-03\/wp-json\/wp\/v2\/media?parent=13"}],"curies":[{"name":"wp","href":"https:\/\/api.w.org\/{rel}","templated":true}]}}